{"id":12192,"date":"2016-08-17T16:57:43","date_gmt":"2016-08-17T16:57:43","guid":{"rendered":"http:\/\/flordiazimagen.com.ar\/v1\/?page_id=12192"},"modified":"2016-10-06T11:37:47","modified_gmt":"2016-10-06T11:37:47","slug":"imagen-personal-express","status":"publish","type":"page","link":"https:\/\/flordiazimagen.com.ar\/v1\/imagen-personal-express\/","title":{"rendered":"Imagen Personal Express"},"content":{"rendered":"<div class=\"fusion-fullwidth fullwidth-box fusion-fullwidth-1  fusion-parallax-none nonhundred-percent-fullwidth\" style=\"border-color:#eae9e9;border-bottom-width: 0px;border-top-width: 0px;border-bottom-style: solid;border-top-style: solid;padding-bottom:20px;padding-top:20px;padding-left:;padding-right:;\"><style type=\"text\/css\" scoped=\"scoped\">.fusion-fullwidth-1 {\n                            padding-left: px !important;\n                            padding-right: px !important;\n                        }<\/style><div class=\"fusion-row\"><div class=\"fusion-title title fusion-title-size-two\"><h2 class=\"title-heading-left\">IMAGEN PERSONAL EXPRESS<\/h2><div class=\"title-sep-container\"><div class=\"title-sep sep-double\"><\/div><\/div><\/div><\/div><\/div><div class=\"fusion-one-half fusion-layout-column fusion-spacing-yes\" style=\"margin-top:0px;margin-bottom:20px;\"><div class=\"fusion-column-wrapper\"><div class=\"fusion-slider-sc flexslider flexslider-hover-type-liftup\" style=\"max-width:100%;height:100%;\"><ul class=\"slides\"><li class=\"image\"><span class=\"hover-type-liftup\"><img src=\"http:\/\/flordiazimagen.com.ar\/v1\/wp-content\/uploads\/2012\/07\/portfolio_2-1.jpg\" \/><\/span><\/li><li class=\"image\"><span class=\"hover-type-liftup\"><img src=\"http:\/\/flordiazimagen.com.ar\/v1\/wp-content\/uploads\/2016\/08\/portfolio_23.jpg\" \/><\/span><\/li><li class=\"image\"><span class=\"hover-type-liftup\"><img src=\"http:\/\/flordiazimagen.com.ar\/v1\/wp-content\/uploads\/2016\/08\/portfolio_24.jpg\" \/><\/span><\/li><\/ul><\/div><div class=\"fusion-clearfix\"><\/div><\/div><\/div><div class=\"fusion-one-half fusion-layout-column fusion-column-last fusion-spacing-yes\" style=\"margin-top:0px;margin-bottom:20px;\"><div class=\"fusion-column-wrapper\"><p>Un asesoramiento express lograr\u00e1 dar el primer paso de autoconocimiento personal, descubriendo las formas, colores, y estilo personal, pero sin llegar al grado de detalles de un asesoramiento integral.<\/p>\n<p>Recomendado especialmente para quienes disponen de poco tiempo o quieran tener un primer acercamiento al desarrollo de su imagen personal.\u00a0El servicio incluye:<\/p>\n<ul class=\"fusion-checklist fusion-checklist-1\" style=\"font-size:13px;line-height:22.1px;\"><li class=\"fusion-li-item\"><span style=\"background-color:#ab8b65;font-size:11.44px;height:22.1px;width:22.1px;margin-right:9.1px;\" class=\"icon-wrapper circle-yes\"><i class=\"fusion-li-icon fa fa-check\" style=\"color:#ffffff;\"><\/i><\/span><div class=\"fusion-li-item-content\" style=\"margin-left:31.2px;\">Estudio b\u00e1sico de silueta.<\/div><\/li><li class=\"fusion-li-item\"><span style=\"background-color:#ab8b65;font-size:11.44px;height:22.1px;width:22.1px;margin-right:9.1px;\" class=\"icon-wrapper circle-yes\"><i class=\"fusion-li-icon fa fa-check\" style=\"color:#ffffff;\"><\/i><\/span><div class=\"fusion-li-item-content\" style=\"margin-left:31.2px;\">Test b\u00e1sico de color (no se realiza un an\u00e1lisis colorim\u00e9trico completo).<\/div><\/li><li class=\"fusion-li-item\"><span style=\"background-color:#ab8b65;font-size:11.44px;height:22.1px;width:22.1px;margin-right:9.1px;\" class=\"icon-wrapper circle-yes\"><i class=\"fusion-li-icon fa fa-check\" style=\"color:#ffffff;\"><\/i><\/span><div class=\"fusion-li-item-content\" style=\"margin-left:31.2px;\">Pautas de estilismo.<\/div><\/li><li class=\"fusion-li-item\"><span style=\"background-color:#ab8b65;font-size:11.44px;height:22.1px;width:22.1px;margin-right:9.1px;\" class=\"icon-wrapper circle-yes\"><i class=\"fusion-li-icon fa fa-check\" style=\"color:#ffffff;\"><\/i><\/span><div class=\"fusion-li-item-content\" style=\"margin-left:31.2px;\">Pautas de visagismo.<\/div><\/li><li class=\"fusion-li-item\"><span style=\"background-color:#ab8b65;font-size:11.44px;height:22.1px;width:22.1px;margin-right:9.1px;\" class=\"icon-wrapper circle-yes\"><i class=\"fusion-li-icon fa fa-check\" style=\"color:#ffffff;\"><\/i><\/span><div class=\"fusion-li-item-content\" style=\"margin-left:31.2px;\">Pautas de comunicaci\u00f3n (si fuese necesario).<\/div><\/li><\/ul><div class=\"fusion-clearfix\"><\/div><\/div><\/div><div class=\"fusion-clearfix\"><\/div><style type='text\/css'>.reading-box-container-1 .element-bottomshadow:before,.reading-box-container-1 .element-bottomshadow:after{opacity:0.4;}<\/style><div class=\"fusion-reading-box-container reading-box-container-1 fusion-animated\" data-animationType=\"rubberBand\" data-animationDuration=\"0.1\" data-animationOffset=\"100%\" style=\"margin-top:-10px;margin-bottom:84px;\"><div class=\"reading-box element-bottomshadow\" style=\"background-color:#ffffff;border-width:1px;border-color:#f6f6f6;border-top-width:3px;border-top-color:#ab8b65;border-style:solid;\"><a class=\"button fusion-button button-orange button-round fusion-button-small button-small button-flat fusion-desktop-button continue continue-right\" style=\"-webkit-box-shadow:none;-moz-box-shadow:none;box-shadow:none;\" href=\"http:\/\/flordiazimagen.com.ar\/v1\/contact\/\" target=\"_self\"><span>Contratar<\/span><\/a><h2>El desarrollo se llevar\u00e1 a cabo en:<\/h2><div class=\"reading-box-description\">Una \u00fanica sesi\u00f3n de 2 \u00bd o 3 hs. m\u00e1ximo de duraci\u00f3n y se enviar\u00e1 posteriormente un dossier con pautas generales y colores personales por medios electr\u00f3nicos. <\/div><div class=\"reading-box-additional\"><\/div><a class=\"button fusion-button button-orange button-round fusion-button-small button-small button-flat fusion-mobile-button continue-right\" style=\"-webkit-box-shadow:none;-moz-box-shadow:none;box-shadow:none;\" href=\"http:\/\/flordiazimagen.com.ar\/v1\/contact\/\" target=\"_self\"><span>Contratar<\/span><\/a><\/div><\/div><div class=\"fusion-title title fusion-title-size-two\"><h2 class=\"title-heading-left\">+ SERVICIOS<\/h2><div class=\"title-sep-container\"><div class=\"title-sep sep-double\"><\/div><\/div><\/div><div class=\"fusion-one-fifth fusion-layout-column fusion-spacing-yes\" style=\"margin-top:0px;margin-bottom:20px;\"><div class=\"fusion-column-wrapper\"><div class=\"fusion-person person fusion-person-left fusion-person-icon-top\"><div class=\"person-shortcode-image-wrapper\"><div class=\"person-image-container hover-type-zoomout glow\" style=\"-moz-box-shadow: 0 0 3px rgba(0,0,0,.3);\n\t\t\t\t-webkit-box-shadow: 0 0 3px rgba(0,0,0,.3);\n\t\t\t\tbox-shadow: 0 0 3px rgba(0,0,0,.3);-webkit-border-radius:0px;-moz-border-radius:0px;border-radius:0px;\"><a href=\"http:\/\/flordiazimagen.com.ar\/v1\/imagen-en-el-embarazo\/\" target=\"_self\"><img class=\"person-img img-responsive\" style=\"-webkit-border-radius:0px;-moz-border-radius:0px;border-radius:0px;border:0px solid #f6f6f6;\" src=\"http:\/\/flordiazimagen.com.ar\/v1\/wp-content\/uploads\/2016\/08\/portfolio_20-1.jpg\" \/><\/a><\/div><\/div><div class=\"person-desc\"><div class=\"person-author\"><div class=\"person-author-wrapper\"><span class=\"person-name\"><\/span><span class=\"person-title\">IMAGEN EN EL EMBARAZO<\/span><\/div><\/div><div class=\"person-content fusion-clearfix\"><\/div><\/div><\/div><div class=\"fusion-clearfix\"><\/div><\/div><\/div><div class=\"fusion-one-fifth fusion-layout-column fusion-spacing-yes\" style=\"margin-top:0px;margin-bottom:20px;\"><div class=\"fusion-column-wrapper\"><div class=\"fusion-person person fusion-person-left fusion-person-icon-top\"><div class=\"person-shortcode-image-wrapper\"><div class=\"person-image-container hover-type-zoomout glow\" style=\"-moz-box-shadow: 0 0 3px rgba(0,0,0,.3);\n\t\t\t\t-webkit-box-shadow: 0 0 3px rgba(0,0,0,.3);\n\t\t\t\tbox-shadow: 0 0 3px rgba(0,0,0,.3);-webkit-border-radius:0px;-moz-border-radius:0px;border-radius:0px;\"><a href=\"http:\/\/flordiazimagen.com.ar\/v1\/entrevistas-laborales\/\" target=\"_self\"><img class=\"person-img img-responsive\" style=\"-webkit-border-radius:0px;-moz-border-radius:0px;border-radius:0px;border:0px solid #f6f6f6;\" src=\"http:\/\/flordiazimagen.com.ar\/v1\/wp-content\/uploads\/2016\/08\/portfolio_31-1.jpg\" \/><\/a><\/div><\/div><div class=\"person-desc\"><div class=\"person-author\"><div class=\"person-author-wrapper\"><span class=\"person-name\"><\/span><span class=\"person-title\">ENTREVISTAS LABORALES<\/span><\/div><\/div><div class=\"person-content fusion-clearfix\"><\/div><\/div><\/div><div class=\"fusion-clearfix\"><\/div><\/div><\/div><div class=\"fusion-one-fifth fusion-layout-column fusion-spacing-yes\" style=\"margin-top:0px;margin-bottom:20px;\"><div class=\"fusion-column-wrapper\"><div class=\"fusion-person person fusion-person-left fusion-person-icon-top\"><div class=\"person-shortcode-image-wrapper\"><div class=\"person-image-container hover-type-zoomout glow\" style=\"-moz-box-shadow: 0 0 3px rgba(0,0,0,.3);\n\t\t\t\t-webkit-box-shadow: 0 0 3px rgba(0,0,0,.3);\n\t\t\t\tbox-shadow: 0 0 3px rgba(0,0,0,.3);-webkit-border-radius:0px;-moz-border-radius:0px;border-radius:0px;\"><a href=\"http:\/\/flordiazimagen.com.ar\/v1\/viajes-personales-de-negocio\/\" target=\"_self\"><img class=\"person-img img-responsive\" style=\"-webkit-border-radius:0px;-moz-border-radius:0px;border-radius:0px;border:0px solid #f6f6f6;\" src=\"http:\/\/flordiazimagen.com.ar\/v1\/wp-content\/uploads\/2016\/08\/portfolio_17-1.jpg\" \/><\/a><\/div><\/div><div class=\"person-desc\"><div class=\"person-author\"><div class=\"person-author-wrapper\"><span class=\"person-name\"><\/span><span class=\"person-title\">VIAJES PERSONALES Y DE NEGOCIOS<\/span><\/div><\/div><div class=\"person-content fusion-clearfix\"><\/div><\/div><\/div><div class=\"fusion-clearfix\"><\/div><\/div><\/div><div class=\"fusion-one-fifth fusion-layout-column fusion-spacing-yes\" style=\"margin-top:0px;margin-bottom:20px;\"><div class=\"fusion-column-wrapper\"><div class=\"fusion-person person fusion-person-left fusion-person-icon-top\"><div class=\"person-shortcode-image-wrapper\"><div class=\"person-image-container hover-type-zoomout glow\" style=\"-moz-box-shadow: 0 0 3px rgba(0,0,0,.3);\n\t\t\t\t-webkit-box-shadow: 0 0 3px rgba(0,0,0,.3);\n\t\t\t\tbox-shadow: 0 0 3px rgba(0,0,0,.3);-webkit-border-radius:0px;-moz-border-radius:0px;border-radius:0px;\"><a href=\"http:\/\/flordiazimagen.com.ar\/v1\/asesoramiento-distancia\/\" target=\"_self\"><img class=\"person-img img-responsive\" style=\"-webkit-border-radius:0px;-moz-border-radius:0px;border-radius:0px;border:0px solid #f6f6f6;\" src=\"http:\/\/flordiazimagen.com.ar\/v1\/wp-content\/uploads\/2016\/08\/portfolio_35-1.jpg\" \/><\/a><\/div><\/div><div class=\"person-desc\"><div class=\"person-author\"><div class=\"person-author-wrapper\"><span class=\"person-name\"><\/span><span class=\"person-title\">ASESORAMIENTO A DISTANCIA<\/span><\/div><\/div><div class=\"person-content fusion-clearfix\"><\/div><\/div><\/div><div class=\"fusion-clearfix\"><\/div><\/div><\/div><div class=\"fusion-one-fifth fusion-layout-column fusion-column-last fusion-spacing-yes\" style=\"margin-top:0px;margin-bottom:20px;\"><div class=\"fusion-column-wrapper\"><div class=\"fusion-person person fusion-person-left fusion-person-icon-top\"><div class=\"person-shortcode-image-wrapper\"><div class=\"person-image-container hover-type-zoomout glow\" style=\"-moz-box-shadow: 0 0 3px rgba(0,0,0,.3);\n\t\t\t\t-webkit-box-shadow: 0 0 3px rgba(0,0,0,.3);\n\t\t\t\tbox-shadow: 0 0 3px rgba(0,0,0,.3);-webkit-border-radius:0px;-moz-border-radius:0px;border-radius:0px;\"><a href=\"http:\/\/flordiazimagen.com.ar\/v1\/guardarropas\" target=\"_self\"><img class=\"person-img img-responsive\" style=\"-webkit-border-radius:0px;-moz-border-radius:0px;border-radius:0px;border:0px solid #f6f6f6;\" src=\"http:\/\/flordiazimagen.com.ar\/v1\/wp-content\/uploads\/2012\/07\/portfolio_9.jpg\" \/><\/a><\/div><\/div><div class=\"person-desc\"><div class=\"person-author\"><div class=\"person-author-wrapper\"><span class=\"person-name\"><\/span><span class=\"person-title\">GUARDARROPAS<\/span><\/div><\/div><div class=\"person-content fusion-clearfix\"><\/div><\/div><\/div><div class=\"fusion-clearfix\"><\/div><\/div><\/div><div class=\"fusion-clearfix\"><\/div>\n","protected":false},"excerpt":{"rendered":"","protected":false},"author":1,"featured_media":0,"parent":0,"menu_order":0,"comment_status":"open","ping_status":"closed","template":"","meta":[],"_links":{"self":[{"href":"https:\/\/flordiazimagen.com.ar\/v1\/wp-json\/wp\/v2\/pages\/12192"}],"collection":[{"href":"https:\/\/flordiazimagen.com.ar\/v1\/wp-json\/wp\/v2\/pages"}],"about":[{"href":"https:\/\/flordiazimagen.com.ar\/v1\/wp-json\/wp\/v2\/types\/page"}],"author":[{"embeddable":true,"href":"https:\/\/flordiazimagen.com.ar\/v1\/wp-json\/wp\/v2\/users\/1"}],"replies":[{"embeddable":true,"href":"https:\/\/flordiazimagen.com.ar\/v1\/wp-json\/wp\/v2\/comments?post=12192"}],"version-history":[{"count":17,"href":"https:\/\/flordiazimagen.com.ar\/v1\/wp-json\/wp\/v2\/pages\/12192\/revisions"}],"predecessor-version":[{"id":12791,"href":"https:\/\/flordiazimagen.com.ar\/v1\/wp-json\/wp\/v2\/pages\/12192\/revisions\/12791"}],"wp:attachment":[{"href":"https:\/\/flordiazimagen.com.ar\/v1\/wp-json\/wp\/v2\/media?parent=12192"}],"curies":[{"name":"wp","href":"https:\/\/api.w.org\/{rel}","templated":true}]}}