{"id":12362,"date":"2016-08-24T15:40:32","date_gmt":"2016-08-24T15:40:32","guid":{"rendered":"http:\/\/flordiazimagen.com.ar\/v1\/?page_id=12362"},"modified":"2016-10-06T11:50:50","modified_gmt":"2016-10-06T11:50:50","slug":"servicios-individuales","status":"publish","type":"page","link":"https:\/\/flordiazimagen.com.ar\/v1\/servicios-individuales\/","title":{"rendered":"Servicios Individuales"},"content":{"rendered":"<div class=\"fusion-fullwidth fullwidth-box fusion-fullwidth-1  fusion-parallax-none nonhundred-percent-fullwidth\" style=\"border-color:#eae9e9;border-bottom-width: 0px;border-top-width: 0px;border-bottom-style: solid;border-top-style: solid;padding-bottom:20px;padding-top:20px;padding-left:;padding-right:;\"><style type=\"text\/css\" scoped=\"scoped\">.fusion-fullwidth-1 {\n                            padding-left: px !important;\n                            padding-right: px !important;\n                        }<\/style><div class=\"fusion-row\"><div class=\"fusion-title title fusion-title-size-two\"><h2 class=\"title-heading-left\">SERVICIOS INDIVIDUALES<\/h2><div class=\"title-sep-container\"><div class=\"title-sep sep-double\"><\/div><\/div><\/div><\/div><\/div><div class=\"fusion-one-half fusion-layout-column fusion-spacing-yes\" style=\"margin-top:0px;margin-bottom:20px;\"><div class=\"fusion-column-wrapper\"><div class=\"fusion-slider-sc flexslider flexslider-hover-type-zoomin\" style=\"max-width:100%;height:100%;\"><ul class=\"slides\"><li class=\"image\"><span class=\"hover-type-zoomin\"><img src=\"http:\/\/flordiazimagen.com.ar\/v1\/wp-content\/uploads\/2016\/08\/portfolio_26.jpg\" \/><\/span><\/li><li class=\"image\"><span class=\"hover-type-zoomin\"><img src=\"http:\/\/flordiazimagen.com.ar\/v1\/wp-content\/uploads\/2012\/07\/portfolio_51.jpg\" \/><\/span><\/li><li class=\"image\"><span class=\"hover-type-zoomin\"><img src=\"http:\/\/flordiazimagen.com.ar\/v1\/wp-content\/uploads\/2012\/07\/portfolio_15.jpg\" \/><\/span><\/li><\/ul><\/div><div class=\"fusion-clearfix\"><\/div><\/div><\/div><div class=\"fusion-one-half fusion-layout-column fusion-column-last fusion-spacing-yes\" style=\"margin-top:0px;margin-bottom:20px;\"><div class=\"fusion-column-wrapper\"><ul class=\"fusion-checklist fusion-checklist-1\" style=\"font-size:13px;line-height:22.1px;\"><li class=\"fusion-li-item\"><span style=\"background-color:#ab8b65;font-size:11.44px;height:22.1px;width:22.1px;margin-right:9.1px;\" class=\"icon-wrapper circle-yes\"><i class=\"fusion-li-icon fa fa-check\" style=\"color:#ffffff;\"><\/i><\/span><div class=\"fusion-li-item-content\" style=\"margin-left:31.2px;\">\n<h3>Silueta y Estilo<\/h3>\n<p>Este servicio solo desarrolla todo lo referente a la silueta, su forma, las prendas adecuadas para el tipo de cuerpo y el estilo personal de cada persona.<\/p>\n<p>Se realiza en un \u00fanico encuentro de 1 hora de duraci\u00f3n aproximadamente y se entregar\u00e1 una ficha con pautas fundamentales seg\u00fan el tipo de cuerpo y estilo.<\/div><\/li><li class=\"fusion-li-item\"><span style=\"background-color:#ab8b65;font-size:11.44px;height:22.1px;width:22.1px;margin-right:9.1px;\" class=\"icon-wrapper circle-yes\"><i class=\"fusion-li-icon fa fa-check\" style=\"color:#ffffff;\"><\/i><\/span><div class=\"fusion-li-item-content\" style=\"margin-left:31.2px;\">\n<h3>Colorimetr\u00eda personal y combinaci\u00f3n de colores<\/h3>\n<p>En este servicio se realiza \u00fanicamente el an\u00e1lisis de colorimetr\u00eda personal y se orienta sobre la combinaci\u00f3n de colores y la forma de utilizarlos.<\/p>\n<p>Se realiza en una \u00fanica sesi\u00f3n de 1 \u00bd hs. de duraci\u00f3n y se entregar\u00e1 una tarjeta con los colores adecuados para cada persona.<\/div><\/li><\/ul><div class=\"fusion-clearfix\"><\/div><\/div><\/div><div class=\"fusion-clearfix\"><\/div><div class=\"fusion-title title fusion-title-size-two\"><h2 class=\"title-heading-left\">+\u00a0SERVICIOS<\/h2><div class=\"title-sep-container\"><div class=\"title-sep sep-double\"><\/div><\/div><\/div><div class=\"fusion-one-fifth fusion-layout-column fusion-spacing-yes\" style=\"margin-top:0px;margin-bottom:20px;\"><div class=\"fusion-column-wrapper\"><div class=\"fusion-person person fusion-person-left fusion-person-icon-top\"><div class=\"person-shortcode-image-wrapper\"><div class=\"person-image-container hover-type-zoomin glow\" style=\"-moz-box-shadow: 0 0 3px rgba(0,0,0,.3);\n\t\t\t\t-webkit-box-shadow: 0 0 3px rgba(0,0,0,.3);\n\t\t\t\tbox-shadow: 0 0 3px rgba(0,0,0,.3);-webkit-border-radius:0px;-moz-border-radius:0px;border-radius:0px;\"><a href=\"http:\/\/flordiazimagen.com.ar\/v1\/imagen-en-el-embarazo\" target=\"_self\"><img class=\"person-img img-responsive\" style=\"-webkit-border-radius:0px;-moz-border-radius:0px;border-radius:0px;border:0px solid #f6f6f6;\" src=\"http:\/\/flordiazimagen.com.ar\/v1\/wp-content\/uploads\/2016\/08\/portfolio_20-1.jpg\" \/><\/a><\/div><\/div><div class=\"person-desc\"><div class=\"person-author\"><div class=\"person-author-wrapper\"><span class=\"person-name\"><\/span><span class=\"person-title\">IMAGEN EN EL EMBARAZO<\/span><\/div><\/div><div class=\"person-content fusion-clearfix\"><\/div><\/div><\/div><div class=\"fusion-clearfix\"><\/div><\/div><\/div><div class=\"fusion-one-fifth fusion-layout-column fusion-spacing-yes\" style=\"margin-top:0px;margin-bottom:20px;\"><div class=\"fusion-column-wrapper\"><div class=\"fusion-person person fusion-person-left fusion-person-icon-top\"><div class=\"person-shortcode-image-wrapper\"><div class=\"person-image-container hover-type-zoomin glow\" style=\"-moz-box-shadow: 0 0 3px rgba(0,0,0,.3);\n\t\t\t\t-webkit-box-shadow: 0 0 3px rgba(0,0,0,.3);\n\t\t\t\tbox-shadow: 0 0 3px rgba(0,0,0,.3);-webkit-border-radius:0px;-moz-border-radius:0px;border-radius:0px;\"><a href=\"http:\/\/flordiazimagen.com.ar\/v1\/entrevistas-laborales\/\" target=\"_self\"><img class=\"person-img img-responsive\" style=\"-webkit-border-radius:0px;-moz-border-radius:0px;border-radius:0px;border:0px solid #f6f6f6;\" src=\"http:\/\/flordiazimagen.com.ar\/v1\/wp-content\/uploads\/2016\/08\/portfolio_31-1.jpg\" \/><\/a><\/div><\/div><div class=\"person-desc\"><div class=\"person-author\"><div class=\"person-author-wrapper\"><span class=\"person-name\"><\/span><span class=\"person-title\">ENTREVISTAS LABORALES<\/span><\/div><\/div><div class=\"person-content fusion-clearfix\"><\/div><\/div><\/div><div class=\"fusion-clearfix\"><\/div><\/div><\/div><div class=\"fusion-one-fifth fusion-layout-column fusion-spacing-yes\" style=\"margin-top:0px;margin-bottom:20px;\"><div class=\"fusion-column-wrapper\"><div class=\"fusion-person person fusion-person-left fusion-person-icon-top\"><div class=\"person-shortcode-image-wrapper\"><div class=\"person-image-container hover-type-zoomin glow\" style=\"-moz-box-shadow: 0 0 3px rgba(0,0,0,.3);\n\t\t\t\t-webkit-box-shadow: 0 0 3px rgba(0,0,0,.3);\n\t\t\t\tbox-shadow: 0 0 3px rgba(0,0,0,.3);-webkit-border-radius:0px;-moz-border-radius:0px;border-radius:0px;\"><a href=\"http:\/\/flordiazimagen.com.ar\/v1\/viajes-personales-de-negocio\/\" target=\"_self\"><img class=\"person-img img-responsive\" style=\"-webkit-border-radius:0px;-moz-border-radius:0px;border-radius:0px;border:0px solid #f6f6f6;\" src=\"http:\/\/flordiazimagen.com.ar\/v1\/wp-content\/uploads\/2016\/08\/portfolio_17-1.jpg\" \/><\/a><\/div><\/div><div class=\"person-desc\"><div class=\"person-author\"><div class=\"person-author-wrapper\"><span class=\"person-name\"><\/span><span class=\"person-title\">VIAJES PERSONALES Y DE NEGOCIOS<\/span><\/div><\/div><div class=\"person-content fusion-clearfix\"><\/div><\/div><\/div><div class=\"fusion-clearfix\"><\/div><\/div><\/div><div class=\"fusion-one-fifth fusion-layout-column fusion-spacing-yes\" style=\"margin-top:0px;margin-bottom:20px;\"><div class=\"fusion-column-wrapper\"><div class=\"fusion-person person fusion-person-left fusion-person-icon-top\"><div class=\"person-shortcode-image-wrapper\"><div class=\"person-image-container hover-type-zoomin glow\" style=\"-moz-box-shadow: 0 0 3px rgba(0,0,0,.3);\n\t\t\t\t-webkit-box-shadow: 0 0 3px rgba(0,0,0,.3);\n\t\t\t\tbox-shadow: 0 0 3px rgba(0,0,0,.3);-webkit-border-radius:0px;-moz-border-radius:0px;border-radius:0px;\"><a href=\"http:\/\/flordiazimagen.com.ar\/v1\/asesoramiento-distancia\/\" target=\"_self\"><img class=\"person-img img-responsive\" style=\"-webkit-border-radius:0px;-moz-border-radius:0px;border-radius:0px;border:0px solid #f6f6f6;\" src=\"http:\/\/flordiazimagen.com.ar\/v1\/wp-content\/uploads\/2016\/08\/portfolio_35-1.jpg\" \/><\/a><\/div><\/div><div class=\"person-desc\"><div class=\"person-author\"><div class=\"person-author-wrapper\"><span class=\"person-name\"><\/span><span class=\"person-title\">ASESORAMIENTO A DISTANCIA<\/span><\/div><\/div><div class=\"person-content fusion-clearfix\"><\/div><\/div><\/div><div class=\"fusion-clearfix\"><\/div><\/div><\/div><div class=\"fusion-one-fifth fusion-layout-column fusion-column-last fusion-spacing-yes\" style=\"margin-top:0px;margin-bottom:20px;\"><div class=\"fusion-column-wrapper\"><div class=\"fusion-person person fusion-person-left fusion-person-icon-top\"><div class=\"person-shortcode-image-wrapper\"><div class=\"person-image-container hover-type-zoomin glow\" style=\"-moz-box-shadow: 0 0 3px rgba(0,0,0,.3);\n\t\t\t\t-webkit-box-shadow: 0 0 3px rgba(0,0,0,.3);\n\t\t\t\tbox-shadow: 0 0 3px rgba(0,0,0,.3);-webkit-border-radius:0px;-moz-border-radius:0px;border-radius:0px;\"><a href=\"http:\/\/flordiazimagen.com.ar\/v1\/guardarropas\" target=\"_self\"><img class=\"person-img img-responsive\" style=\"-webkit-border-radius:0px;-moz-border-radius:0px;border-radius:0px;border:0px solid #f6f6f6;\" src=\"http:\/\/flordiazimagen.com.ar\/v1\/wp-content\/uploads\/2012\/07\/portfolio_9.jpg\" \/><\/a><\/div><\/div><div class=\"person-desc\"><div class=\"person-author\"><div class=\"person-author-wrapper\"><span class=\"person-name\"><\/span><span class=\"person-title\">GUARDARROPAS<\/span><\/div><\/div><div class=\"person-content fusion-clearfix\"><\/div><\/div><\/div><div class=\"fusion-clearfix\"><\/div><\/div><\/div><div class=\"fusion-clearfix\"><\/div>\n","protected":false},"excerpt":{"rendered":"","protected":false},"author":1,"featured_media":0,"parent":0,"menu_order":0,"comment_status":"open","ping_status":"closed","template":"","meta":[],"_links":{"self":[{"href":"https:\/\/flordiazimagen.com.ar\/v1\/wp-json\/wp\/v2\/pages\/12362"}],"collection":[{"href":"https:\/\/flordiazimagen.com.ar\/v1\/wp-json\/wp\/v2\/pages"}],"about":[{"href":"https:\/\/flordiazimagen.com.ar\/v1\/wp-json\/wp\/v2\/types\/page"}],"author":[{"embeddable":true,"href":"https:\/\/flordiazimagen.com.ar\/v1\/wp-json\/wp\/v2\/users\/1"}],"replies":[{"embeddable":true,"href":"https:\/\/flordiazimagen.com.ar\/v1\/wp-json\/wp\/v2\/comments?post=12362"}],"version-history":[{"count":8,"href":"https:\/\/flordiazimagen.com.ar\/v1\/wp-json\/wp\/v2\/pages\/12362\/revisions"}],"predecessor-version":[{"id":12793,"href":"https:\/\/flordiazimagen.com.ar\/v1\/wp-json\/wp\/v2\/pages\/12362\/revisions\/12793"}],"wp:attachment":[{"href":"https:\/\/flordiazimagen.com.ar\/v1\/wp-json\/wp\/v2\/media?parent=12362"}],"curies":[{"name":"wp","href":"https:\/\/api.w.org\/{rel}","templated":true}]}}