{"id":3678,"date":"2013-05-24T20:01:55","date_gmt":"2013-05-24T20:01:55","guid":{"rendered":"http:\/\/theme-fusion.com\/avadaxml\/?page_id=3678"},"modified":"2022-08-02T18:45:09","modified_gmt":"2022-08-02T18:45:09","slug":"about-me","status":"publish","type":"page","link":"https:\/\/flordiazimagen.com.ar\/v1\/about-me\/","title":{"rendered":"Flor D\u00edaz"},"content":{"rendered":"<div class=\"fusion-fullwidth fullwidth-box fusion-fullwidth-1  fusion-parallax-none nonhundred-percent-fullwidth\" style=\"border-color:#eae9e9;border-bottom-width: 0px;border-top-width: 0px;border-bottom-style: solid;border-top-style: solid;padding-bottom:20px;padding-top:20px;padding-left:;padding-right:;\"><style type=\"text\/css\" scoped=\"scoped\">.fusion-fullwidth-1 {\n                            padding-left: px !important;\n                            padding-right: px !important;\n                        }<\/style><div class=\"fusion-row\"><div class=\"fusion-title title fusion-title-size-two\"><h2 class=\"title-heading-left\">SOBRE M\u00cd<\/h2><div class=\"title-sep-container\"><div class=\"title-sep sep-double\"><\/div><\/div><\/div><\/div><\/div><div class=\"fusion-one-half fusion-layout-column fusion-spacing-yes\" style=\"margin-top:0px;margin-bottom:20px;\"><div class=\"fusion-column-wrapper\"><span style=\"-moz-box-shadow: 0 0 3px rgba(0,0,0,.3);-webkit-box-shadow: 0 0 3px rgba(0,0,0,.3);box-shadow: 0 0 3px rgba(0,0,0,.3);\" class=\"fusion-imageframe imageframe-glow imageframe-1 hover-type-zoomin fusion-animated\" data-animationType=\"slideInDown\" data-animationDuration=\"0.1\" data-animationOffset=\"100%\"> <img src=\"http:\/\/flordiazimagen.com.ar\/v1\/wp-content\/uploads\/2013\/05\/admin-ajax-1.jpg\" alt=\"\" class=\"img-responsive\"\/><\/span><div class=\"fusion-sep-clear\"><\/div><div class=\"fusion-separator fusion-full-width-sep sep-none\" style=\"border-color:#e0dede;margin-left: auto;margin-right: auto;margin-top:10px;\"><\/div><ul class=\"fusion-checklist fusion-checklist-1\" style=\"font-size:13px;line-height:22.1px;\"><li class=\"fusion-li-item\"><span style=\"background-color:#ab8b65;font-size:11.44px;height:22.1px;width:22.1px;margin-right:9.1px;\" class=\"icon-wrapper circle-yes\"><i class=\"fusion-li-icon fa fa-star-o\" style=\"color:#ffffff;\"><\/i><\/span><div class=\"fusion-li-item-content\" style=\"margin-left:31.2px;\">\u201cAsesora de imagen profesional y personal shopper\u201d\u00a0&#8211;\u00a0CEImagen.<\/div><\/li><li class=\"fusion-li-item\"><span style=\"background-color:#ab8b65;font-size:11.44px;height:22.1px;width:22.1px;margin-right:9.1px;\" class=\"icon-wrapper circle-yes\"><i class=\"fusion-li-icon fa fa-star-o\" style=\"color:#ffffff;\"><\/i><\/span><div class=\"fusion-li-item-content\" style=\"margin-left:31.2px;\">\u201cMiembro \u00a0fundador de AICI Argentina Interior Central (Asociaci\u00f3n internacional de Asesores de Imagen)\u201d.<\/div><\/li>\n<li class=\"fusion-li-item\"><span style=\"background-color:#ab8b65;font-size:11.44px;height:22.1px;width:22.1px;margin-right:9.1px;\" class=\"icon-wrapper circle-yes\"><i class=\"fusion-li-icon fa fa-star-o\" style=\"color:#ffffff;\"><\/i><\/span><div class=\"fusion-li-item-content\" style=\"margin-left:31.2px;\">\u201cPast VP Education AICI Argentina Interior Central\u201d.<\/div><\/li><li class=\"fusion-li-item\"><span style=\"background-color:#ab8b65;font-size:11.44px;height:22.1px;width:22.1px;margin-right:9.1px;\" class=\"icon-wrapper circle-yes\"><i class=\"fusion-li-icon fa fa-star-o\" style=\"color:#ffffff;\"><\/i><\/span><div class=\"fusion-li-item-content\" style=\"margin-left:31.2px;\">Especializaci\u00f3n\u00a0en \u201cProtocolo y ceremonial\u201d.<\/div><\/li><li class=\"fusion-li-item\"><span style=\"background-color:#ab8b65;font-size:11.44px;height:22.1px;width:22.1px;margin-right:9.1px;\" class=\"icon-wrapper circle-yes\"><i class=\"fusion-li-icon fa fa-star-o\" style=\"color:#ffffff;\"><\/i><\/span><div class=\"fusion-li-item-content\" style=\"margin-left:31.2px;\">Especializaci\u00f3n en \u201cProtocolo y servicio de mesa\u201d.<\/div><\/li><li class=\"fusion-li-item\"><span style=\"background-color:#ab8b65;font-size:11.44px;height:22.1px;width:22.1px;margin-right:9.1px;\" class=\"icon-wrapper circle-yes\"><i class=\"fusion-li-icon fa fa-star-o\" style=\"color:#ffffff;\"><\/i><\/span><div class=\"fusion-li-item-content\" style=\"margin-left:31.2px;\">Especializaci\u00f3n en \u201cColorimetr\u00eda\u201d.<\/div><\/li><li class=\"fusion-li-item\"><span style=\"background-color:#ab8b65;font-size:11.44px;height:22.1px;width:22.1px;margin-right:9.1px;\" class=\"icon-wrapper circle-yes\"><i class=\"fusion-li-icon fa fa-star-o\" style=\"color:#ffffff;\"><\/i><\/span><div class=\"fusion-li-item-content\" style=\"margin-left:31.2px;\">\u201cDiplomatura en RR.PP. y ceremonial\u201d.<\/div><\/li><li class=\"fusion-li-item\"><span style=\"background-color:#ab8b65;font-size:11.44px;height:22.1px;width:22.1px;margin-right:9.1px;\" class=\"icon-wrapper circle-yes\"><i class=\"fusion-li-icon fa fa-star-o\" style=\"color:#ffffff;\"><\/i><\/span><div class=\"fusion-li-item-content\" style=\"margin-left:31.2px;\">\u201cCertificaci\u00f3n en colorimetr\u00eda y proporciones\u201d.<\/div><\/li><li class=\"fusion-li-item\"><span style=\"background-color:#ab8b65;font-size:11.44px;height:22.1px;width:22.1px;margin-right:9.1px;\" class=\"icon-wrapper circle-yes\"><i class=\"fusion-li-icon fa fa-star-o\" style=\"color:#ffffff;\"><\/i><\/span><div class=\"fusion-li-item-content\" style=\"margin-left:31.2px;\">\u201cCertificaci\u00f3n en moda e imagen\u201d.<\/div><\/li><\/ul><ul class=\"fusion-checklist fusion-checklist-2\" style=\"font-size:13px;line-height:22.1px;\"><li class=\"fusion-li-item\"><span style=\"background-color:#ab8b65;font-size:11.44px;height:22.1px;width:22.1px;margin-right:9.1px;\" class=\"icon-wrapper circle-yes\"><i class=\"fusion-li-icon fa fa-star-o\" style=\"color:#ffffff;\"><\/i><\/span><div class=\"fusion-li-item-content\" style=\"margin-left:31.2px;\">\u201cMaquilladora profesional\u201d.<\/div><\/li><li class=\"fusion-li-item\"><span style=\"background-color:#ab8b65;font-size:11.44px;height:22.1px;width:22.1px;margin-right:9.1px;\" class=\"icon-wrapper circle-yes\"><i class=\"fusion-li-icon fa fa-star-o\" style=\"color:#ffffff;\"><\/i><\/span><div class=\"fusion-li-item-content\" style=\"margin-left:31.2px;\">\u201cPosgrado internacional \u00a0en moda e imagen\u201d &#8211;\u00a0Image Makers Alliance.<\/div><\/li><li class=\"fusion-li-item\"><span style=\"background-color:#ab8b65;font-size:11.44px;height:22.1px;width:22.1px;margin-right:9.1px;\" class=\"icon-wrapper circle-yes\"><i class=\"fusion-li-icon fa fa-star-o\" style=\"color:#ffffff;\"><\/i><\/span><div class=\"fusion-li-item-content\" style=\"margin-left:31.2px;\">\u201cCertificaci\u00f3n en imagen masculina\u201d.<\/div><\/li><li class=\"fusion-li-item\"><span style=\"background-color:#ab8b65;font-size:11.44px;height:22.1px;width:22.1px;margin-right:9.1px;\" class=\"icon-wrapper circle-yes\"><i class=\"fusion-li-icon fa fa-star-o\" style=\"color:#ffffff;\"><\/i><\/span><div class=\"fusion-li-item-content\" style=\"margin-left:31.2px;\">&#8220;Certificaci\u00f3n internacional en imagen y etiqueta profesional. &#8221; &#8211; IITTI.<\/div><\/li><\/ul><div class=\"fusion-clearfix\"><\/div><\/div><\/div><div class=\"fusion-one-half fusion-layout-column fusion-column-last fusion-spacing-yes\" style=\"margin-top:0px;margin-bottom:20px;\"><div class=\"fusion-column-wrapper\"><p>Soy una persona apasionada en todo lo que me propongo y trabajo incansablemente hasta conseguir mis objetivos.<\/p>\n<p>Mi trabajo se basa en crear un concepto de belleza que refuerza la autoestima y la confianza personal y profesional, potenciando las cualidades positivas de tu imagen, y definiendo el estilo adecuado para cada persona, desde el interior hacia el exterior.<\/p>\n<p>Los servicios que ofrezco son totalmente personalizados, cuidando la calidad y la discreci\u00f3n, logrando crear junto a mis clientes un clima cordial y de confianza para poder interpretar correctamente sus intereses y necesidades personales, para luego poder responder satisfactoriamente a sus requerimientos. Cada asesor\u00eda es una experiencia \u00fanica y a medida, dependiendo de las circunstancias y necesidades propias de cada persona u organizaci\u00f3n.<\/p>\n<p>Para poder brindar siempre lo mejor e innovador a mis clientes me actualizo de manera continua , tomando cursos y especializ\u00e1ndome en \u00e1reas afines. Recientemente he finalizado\u00a0el Posgrado en Moda e Imagen impartido por Image Makers Alliance y soy miembro de AICI (Asociattion of Image Consultants International), asociaci\u00f3n internacional presente en m\u00e1s de 57 paises.<\/p>\n<div class=\"fusion-sep-clear\"><\/div><div class=\"fusion-separator fusion-full-width-sep sep-none\" style=\"border-color:#e0dede;margin-left: auto;margin-right: auto;margin-top:10px;\"><\/div><span class=\"fusion-imageframe imageframe-none imageframe-2 hover-type-none\"> <img src=\"http:\/\/flordiazimagen.com.ar\/v1\/wp-content\/uploads\/2013\/05\/sobre-mi.jpg\" alt=\"\" class=\"img-responsive\"\/><\/span><div class=\"fusion-clearfix\"><\/div><\/div><\/div><div class=\"fusion-clearfix\"><\/div><div class=\"fusion-fullwidth fullwidth-box fusion-fullwidth-2  fusion-parallax-none nonhundred-percent-fullwidth\" style=\"border-color:#eae9e9;border-bottom-width: 0px;border-top-width: 0px;border-bottom-style: solid;border-top-style: solid;padding-bottom:20px;padding-top:20px;padding-left:;padding-right:;\"><style type=\"text\/css\" scoped=\"scoped\">.fusion-fullwidth-2 {\n                            padding-left: px !important;\n                            padding-right: px !important;\n                        }<\/style><div class=\"fusion-row\"><\/div><\/div>\n","protected":false},"excerpt":{"rendered":"","protected":false},"author":1,"featured_media":0,"parent":0,"menu_order":0,"comment_status":"open","ping_status":"closed","template":"","meta":[],"_links":{"self":[{"href":"https:\/\/flordiazimagen.com.ar\/v1\/wp-json\/wp\/v2\/pages\/3678"}],"collection":[{"href":"https:\/\/flordiazimagen.com.ar\/v1\/wp-json\/wp\/v2\/pages"}],"about":[{"href":"https:\/\/flordiazimagen.com.ar\/v1\/wp-json\/wp\/v2\/types\/page"}],"author":[{"embeddable":true,"href":"https:\/\/flordiazimagen.com.ar\/v1\/wp-json\/wp\/v2\/users\/1"}],"replies":[{"embeddable":true,"href":"https:\/\/flordiazimagen.com.ar\/v1\/wp-json\/wp\/v2\/comments?post=3678"}],"version-history":[{"count":80,"href":"https:\/\/flordiazimagen.com.ar\/v1\/wp-json\/wp\/v2\/pages\/3678\/revisions"}],"predecessor-version":[{"id":13228,"href":"https:\/\/flordiazimagen.com.ar\/v1\/wp-json\/wp\/v2\/pages\/3678\/revisions\/13228"}],"wp:attachment":[{"href":"https:\/\/flordiazimagen.com.ar\/v1\/wp-json\/wp\/v2\/media?parent=3678"}],"curies":[{"name":"wp","href":"https:\/\/api.w.org\/{rel}","templated":true}]}}