{"id":3698,"date":"2013-05-24T20:06:42","date_gmt":"2013-05-24T20:06:42","guid":{"rendered":"http:\/\/theme-fusion.com\/avadaxml\/?page_id=3698"},"modified":"2016-08-25T22:07:45","modified_gmt":"2016-08-25T22:07:45","slug":"blog-4","status":"publish","type":"page","link":"https:\/\/flordiazimagen.com.ar\/v1\/blog-4\/","title":{"rendered":"Blog"},"content":{"rendered":"<div class=\"fusion-blog-shortcode fusion-blog-shortcode-1 fusion-blog-archive fusion-blog-layout-timeline-wrapper fusion-blog-infinite\"><div class=\"fusion-posts-container fusion-posts-container-infinite\" data-pages=\"5\"><div class=\"fusion-timeline-icon\"><i class=\"fusion-icon-bubbles\"><\/i><\/div><div class=\"fusion-blog-layout-timeline fusion-clearfix\"><div class=\"fusion-timeline-line\"><\/div><h3 class=\"fusion-timeline-date\">octubre 2018<\/h3><div class=\"fusion-collapse-month\"><div id=\"post-13195\" class=\"fusion-post-timeline fusion-clearfix fusion-left-column post-13195 post type-post status-publish format-standard has-post-thumbnail hentry category-imagen_personal\">\n<div class=\"fusion-post-wrapper\">\t\t\t\n\t\t\t\n\t\t\t\n\t\t\t\n\t\t\t\t\t\t<div class=\"fusion-flexslider flexslider fusion-flexslider-loading fusion-post-slideshow\">\n\t\t\t\t<ul class=\"slides\">\n\t\t\t\t\t\t\t\t\t\t\t\t\t\t\t\t\t\t\t\t\t\t\t\t\t<li>\n\t\t\t\t\t\t<div class=\"fusion-image-wrapper\" aria-haspopup=\"true\"><img width=\"564\" height=\"1003\" src=\"https:\/\/flordiazimagen.com.ar\/v1\/wp-content\/uploads\/2018\/10\/4a9b57afb26c10d24bacafab4eff8644.jpg\" class=\"attachment-full size-full wp-post-image\" alt=\"\" loading=\"lazy\" srcset=\"https:\/\/flordiazimagen.com.ar\/v1\/wp-content\/uploads\/2018\/10\/4a9b57afb26c10d24bacafab4eff8644.jpg 564w, https:\/\/flordiazimagen.com.ar\/v1\/wp-content\/uploads\/2018\/10\/4a9b57afb26c10d24bacafab4eff8644-169x300.jpg 169w\" sizes=\"(max-width: 564px) 100vw, 564px\" \/>\t\t<div class=\"fusion-rollover\">\n\t\t\t<div class=\"fusion-rollover-content\">\n\n\t\t\t\t\n\t\t\t\t\t\t\t\t\t\t\t<a class=\"fusion-rollover-link\" href=\"https:\/\/flordiazimagen.com.ar\/v1\/2018\/10\/20\/tips-de-imagen-para-mujeres-muy-delgadas\/\">Permalink<\/a>\n\t\t\t\t\t\n\t\t\t\t\t\t\t\t\t\t\t\n\t\t\t\t\t\t\t\t\t\t\t\t\t<div class=\"fusion-rollover-sep\"><\/div>\n\t\t\t\t\t\t\n\t\t\t\t\t\t\t\t\t\t\t\t\t\t\t\t\t\t\t\t<a class=\"fusion-rollover-gallery\" href=\"https:\/\/flordiazimagen.com.ar\/v1\/wp-content\/uploads\/2018\/10\/4a9b57afb26c10d24bacafab4eff8644.jpg\" data-id=\"13195\" data-rel=\"iLightbox[gallery]\" data-title=\"4a9b57afb26c10d24bacafab4eff8644\" data-caption=\"\">Gallery<\/a>\t\t\t\t\t\t\t\t\t\t\t\t\t\t\t\n\t\t\t\t\t\t\t\t\t<h4 class=\"fusion-rollover-title\"><a href=\"https:\/\/flordiazimagen.com.ar\/v1\/2018\/10\/20\/tips-de-imagen-para-mujeres-muy-delgadas\/\">Tips de imagen para mujeres muy delgadas<\/a><\/h4>\n\t\t\t\t\n\t\t\t\t<div class=\"fusion-rollover-categories\"><a href=\"https:\/\/flordiazimagen.com.ar\/v1\/category\/imagen_personal\/\" rel=\"tag\">Imagen Personal<\/a><\/div>\n\t\t\t\t\n\t\t\t\t\n\t\t\t\t\n\t\t\t\t\t\t\t<\/div>\n\t\t<\/div>\n\t\t<\/div>\t\t\t\t\t<\/li>\n\t\t\t\t\t\t\t\t\t\t\t\t\t\t<\/ul>\n\t\t\t<\/div>\n\t\t\t<div class=\"fusion-post-content-wrapper\"><div class=\"fusion-post-content post-content\"><div class=\"fusion-timeline-circle\"><\/div><div class=\"fusion-timeline-arrow\"><\/div><h2 class=\"entry-title\"><a href=\"https:\/\/flordiazimagen.com.ar\/v1\/2018\/10\/20\/tips-de-imagen-para-mujeres-muy-delgadas\/\">Tips de imagen para mujeres muy delgadas<\/a><\/h2><span class=\"vcard\" style=\"display: none;\"><span class=\"fn\"><a href=\"https:\/\/flordiazimagen.com.ar\/v1\/author\/flor\/\" title=\"Entradas de Flor D\u00edaz\" rel=\"author\">Flor D\u00edaz<\/a><\/span><\/span><span class=\"updated\" style=\"display:none;\">2018-10-03T13:56:18+00:00<\/span><div class=\"fusion-content-sep\"><\/div><div class=\"fusion-post-content-container\"><p>El ser extremadamente delgadas, suele ser tan complicado a la hora de vestir como para aquellas de tallas XL o superiores. La delgadez,\u00a0invita a generar curvas y vol\u00famenes inexistentes con las prendas, pero no siempre [...]<\/p><\/div><\/div><div class=\"fusion-meta-info\"><\/div><\/div><div class=\"fusion-clearfix\"><\/div><\/div>\n<\/div>\n<div id=\"post-13185\" class=\"fusion-post-timeline fusion-clearfix fusion-right-column post-13185 post type-post status-publish format-standard has-post-thumbnail hentry category-sin-categoria\">\n<div class=\"fusion-post-wrapper\">\t\t\t\n\t\t\t\n\t\t\t\n\t\t\t\n\t\t\t\t\t\t<div class=\"fusion-flexslider flexslider fusion-flexslider-loading fusion-post-slideshow\">\n\t\t\t\t<ul class=\"slides\">\n\t\t\t\t\t\t\t\t\t\t\t\t\t\t\t\t\t\t\t\t\t\t\t\t\t<li>\n\t\t\t\t\t\t<div class=\"fusion-image-wrapper\" aria-haspopup=\"true\"><img width=\"800\" height=\"1092\" src=\"https:\/\/flordiazimagen.com.ar\/v1\/wp-content\/uploads\/2018\/10\/890B0F42-51FA-44A2-B5E6-2150BBCEF3C8.jpeg\" class=\"attachment-full size-full wp-post-image\" alt=\"\" loading=\"lazy\" srcset=\"https:\/\/flordiazimagen.com.ar\/v1\/wp-content\/uploads\/2018\/10\/890B0F42-51FA-44A2-B5E6-2150BBCEF3C8.jpeg 800w, https:\/\/flordiazimagen.com.ar\/v1\/wp-content\/uploads\/2018\/10\/890B0F42-51FA-44A2-B5E6-2150BBCEF3C8-220x300.jpeg 220w, https:\/\/flordiazimagen.com.ar\/v1\/wp-content\/uploads\/2018\/10\/890B0F42-51FA-44A2-B5E6-2150BBCEF3C8-768x1048.jpeg 768w, https:\/\/flordiazimagen.com.ar\/v1\/wp-content\/uploads\/2018\/10\/890B0F42-51FA-44A2-B5E6-2150BBCEF3C8-750x1024.jpeg 750w\" sizes=\"(max-width: 800px) 100vw, 800px\" \/>\t\t<div class=\"fusion-rollover\">\n\t\t\t<div class=\"fusion-rollover-content\">\n\n\t\t\t\t\n\t\t\t\t\t\t\t\t\t\t\t<a class=\"fusion-rollover-link\" href=\"https:\/\/flordiazimagen.com.ar\/v1\/2018\/10\/13\/como-elegir-los-zapatos-correctos\/\">Permalink<\/a>\n\t\t\t\t\t\n\t\t\t\t\t\t\t\t\t\t\t\n\t\t\t\t\t\t\t\t\t\t\t\t\t<div class=\"fusion-rollover-sep\"><\/div>\n\t\t\t\t\t\t\n\t\t\t\t\t\t\t\t\t\t\t\t\t\t\t\t\t\t\t\t<a class=\"fusion-rollover-gallery\" href=\"https:\/\/flordiazimagen.com.ar\/v1\/wp-content\/uploads\/2018\/10\/890B0F42-51FA-44A2-B5E6-2150BBCEF3C8.jpeg\" data-id=\"13185\" data-rel=\"iLightbox[gallery]\" data-title=\"890b0f42-51fa-44a2-b5e6-2150bbcef3c8\" data-caption=\"\">Gallery<\/a>\t\t\t\t\t\t\t\t\t\t\t\t\t\t\t\n\t\t\t\t\t\t\t\t\t<h4 class=\"fusion-rollover-title\"><a href=\"https:\/\/flordiazimagen.com.ar\/v1\/2018\/10\/13\/como-elegir-los-zapatos-correctos\/\">C\u00f3mo elegir los zapatos correctos<\/a><\/h4>\n\t\t\t\t\n\t\t\t\t<div class=\"fusion-rollover-categories\"><a href=\"https:\/\/flordiazimagen.com.ar\/v1\/category\/sin-categoria\/\" rel=\"tag\">Sin categor\u00eda<\/a><\/div>\n\t\t\t\t\n\t\t\t\t\n\t\t\t\t\n\t\t\t\t\t\t\t<\/div>\n\t\t<\/div>\n\t\t<\/div>\t\t\t\t\t<\/li>\n\t\t\t\t\t\t\t\t\t\t\t\t\t\t<\/ul>\n\t\t\t<\/div>\n\t\t\t<div class=\"fusion-post-content-wrapper\"><div class=\"fusion-post-content post-content\"><div class=\"fusion-timeline-circle\"><\/div><div class=\"fusion-timeline-arrow\"><\/div><h2 class=\"entry-title\"><a href=\"https:\/\/flordiazimagen.com.ar\/v1\/2018\/10\/13\/como-elegir-los-zapatos-correctos\/\">C\u00f3mo elegir los zapatos correctos<\/a><\/h2><span class=\"vcard\" style=\"display: none;\"><span class=\"fn\"><a href=\"https:\/\/flordiazimagen.com.ar\/v1\/author\/flor\/\" title=\"Entradas de Flor D\u00edaz\" rel=\"author\">Flor D\u00edaz<\/a><\/span><\/span><span class=\"updated\" style=\"display:none;\">2018-10-13T09:38:45+00:00<\/span><div class=\"fusion-content-sep\"><\/div><div class=\"fusion-post-content-container\"><p>La mayor\u00eda de las mujeres tenemos una debilidad especial por los zapatos, y no impora cu\u00e1ntos pares tengamos en nuestro guardarropas,\u00a0\u00a0siempre ser\u00e1 buena opci\u00f3n agregar uno nuevo a nuestra colecci\u00f3n. Muchas veces nos dejamos obnuvilar [...]<\/p><\/div><\/div><div class=\"fusion-meta-info\"><\/div><\/div><div class=\"fusion-clearfix\"><\/div><\/div>\n<\/div>\n<div id=\"post-13178\" class=\"fusion-post-timeline fusion-clearfix fusion-left-column post-13178 post type-post status-publish format-standard has-post-thumbnail hentry category-sin-categoria\">\n<div class=\"fusion-post-wrapper\">\t\t\t\n\t\t\t\n\t\t\t\n\t\t\t\n\t\t\t\t\t\t<div class=\"fusion-flexslider flexslider fusion-flexslider-loading fusion-post-slideshow\">\n\t\t\t\t<ul class=\"slides\">\n\t\t\t\t\t\t\t\t\t\t\t\t\t\t\t\t\t\t\t\t\t\t\t\t\t<li>\n\t\t\t\t\t\t<div class=\"fusion-image-wrapper\" aria-haspopup=\"true\"><img width=\"613\" height=\"900\" src=\"https:\/\/flordiazimagen.com.ar\/v1\/wp-content\/uploads\/2018\/10\/EB9F6F20-911F-40BA-99AF-13412A9BF685.jpeg\" class=\"attachment-full size-full wp-post-image\" alt=\"\" loading=\"lazy\" srcset=\"https:\/\/flordiazimagen.com.ar\/v1\/wp-content\/uploads\/2018\/10\/EB9F6F20-911F-40BA-99AF-13412A9BF685.jpeg 613w, https:\/\/flordiazimagen.com.ar\/v1\/wp-content\/uploads\/2018\/10\/EB9F6F20-911F-40BA-99AF-13412A9BF685-204x300.jpeg 204w\" sizes=\"(max-width: 613px) 100vw, 613px\" \/>\t\t<div class=\"fusion-rollover\">\n\t\t\t<div class=\"fusion-rollover-content\">\n\n\t\t\t\t\n\t\t\t\t\t\t\t\t\t\t\t<a class=\"fusion-rollover-link\" href=\"https:\/\/flordiazimagen.com.ar\/v1\/2018\/10\/06\/mujeres-xl-ignoradas-en-el-mundo-de-la-moda-nacional\/\">Permalink<\/a>\n\t\t\t\t\t\n\t\t\t\t\t\t\t\t\t\t\t\n\t\t\t\t\t\t\t\t\t\t\t\t\t<div class=\"fusion-rollover-sep\"><\/div>\n\t\t\t\t\t\t\n\t\t\t\t\t\t\t\t\t\t\t\t\t\t\t\t\t\t\t\t<a class=\"fusion-rollover-gallery\" href=\"https:\/\/flordiazimagen.com.ar\/v1\/wp-content\/uploads\/2018\/10\/EB9F6F20-911F-40BA-99AF-13412A9BF685.jpeg\" data-id=\"13178\" data-rel=\"iLightbox[gallery]\" data-title=\"eb9f6f20-911f-40ba-99af-13412a9bf685\" data-caption=\"\">Gallery<\/a>\t\t\t\t\t\t\t\t\t\t\t\t\t\t\t\n\t\t\t\t\t\t\t\t\t<h4 class=\"fusion-rollover-title\"><a href=\"https:\/\/flordiazimagen.com.ar\/v1\/2018\/10\/06\/mujeres-xl-ignoradas-en-el-mundo-de-la-moda-nacional\/\">Mujeres XL: Ignoradas en el mundo de la moda nacional?<\/a><\/h4>\n\t\t\t\t\n\t\t\t\t<div class=\"fusion-rollover-categories\"><a href=\"https:\/\/flordiazimagen.com.ar\/v1\/category\/sin-categoria\/\" rel=\"tag\">Sin categor\u00eda<\/a><\/div>\n\t\t\t\t\n\t\t\t\t\n\t\t\t\t\n\t\t\t\t\t\t\t<\/div>\n\t\t<\/div>\n\t\t<\/div>\t\t\t\t\t<\/li>\n\t\t\t\t\t\t\t\t\t\t\t\t\t\t<\/ul>\n\t\t\t<\/div>\n\t\t\t<div class=\"fusion-post-content-wrapper\"><div class=\"fusion-post-content post-content\"><div class=\"fusion-timeline-circle\"><\/div><div class=\"fusion-timeline-arrow\"><\/div><h2 class=\"entry-title\"><a href=\"https:\/\/flordiazimagen.com.ar\/v1\/2018\/10\/06\/mujeres-xl-ignoradas-en-el-mundo-de-la-moda-nacional\/\">Mujeres XL: Ignoradas en el mundo de la moda nacional?<\/a><\/h2><span class=\"vcard\" style=\"display: none;\"><span class=\"fn\"><a href=\"https:\/\/flordiazimagen.com.ar\/v1\/author\/flor\/\" title=\"Entradas de Flor D\u00edaz\" rel=\"author\">Flor D\u00edaz<\/a><\/span><\/span><span class=\"updated\" style=\"display:none;\">2018-10-06T10:11:10+00:00<\/span><div class=\"fusion-content-sep\"><\/div><div class=\"fusion-post-content-container\"><p>Todas las mujeres somos diferentes, tenemos ojos de un color determinado, el cabello de determinada manera, y claro que tambi\u00e9n una estatura, tipo de cuerpo, proporciones y un peso diferente. En muchas partes del mundo, [...]<\/p><\/div><\/div><div class=\"fusion-meta-info\"><\/div><\/div><div class=\"fusion-clearfix\"><\/div><\/div>\n<\/div>\n<\/div><h3 class=\"fusion-timeline-date\">septiembre 2018<\/h3><div class=\"fusion-collapse-month\"><div id=\"post-13170\" class=\"fusion-post-timeline fusion-clearfix fusion-right-column post-13170 post type-post status-publish format-standard has-post-thumbnail hentry category-guardarropas category-imagen_personal\">\n<div class=\"fusion-post-wrapper\">\t\t\t\n\t\t\t\n\t\t\t\n\t\t\t\n\t\t\t\t\t\t<div class=\"fusion-flexslider flexslider fusion-flexslider-loading fusion-post-slideshow\">\n\t\t\t\t<ul class=\"slides\">\n\t\t\t\t\t\t\t\t\t\t\t\t\t\t\t\t\t\t\t\t\t\t\t\t\t<li>\n\t\t\t\t\t\t<div class=\"fusion-image-wrapper\" aria-haspopup=\"true\"><img width=\"1024\" height=\"767\" src=\"https:\/\/flordiazimagen.com.ar\/v1\/wp-content\/uploads\/2018\/09\/donde-comprar-ropa-barata-en-cdmx-descuentos-enero-1024x767.jpg\" class=\"attachment-full size-full wp-post-image\" alt=\"\" loading=\"lazy\" srcset=\"https:\/\/flordiazimagen.com.ar\/v1\/wp-content\/uploads\/2018\/09\/donde-comprar-ropa-barata-en-cdmx-descuentos-enero-1024x767.jpg 1024w, https:\/\/flordiazimagen.com.ar\/v1\/wp-content\/uploads\/2018\/09\/donde-comprar-ropa-barata-en-cdmx-descuentos-enero-1024x767-300x225.jpg 300w, https:\/\/flordiazimagen.com.ar\/v1\/wp-content\/uploads\/2018\/09\/donde-comprar-ropa-barata-en-cdmx-descuentos-enero-1024x767-768x575.jpg 768w\" sizes=\"(max-width: 1024px) 100vw, 1024px\" \/>\t\t<div class=\"fusion-rollover\">\n\t\t\t<div class=\"fusion-rollover-content\">\n\n\t\t\t\t\n\t\t\t\t\t\t\t\t\t\t\t<a class=\"fusion-rollover-link\" href=\"https:\/\/flordiazimagen.com.ar\/v1\/2018\/09\/22\/como-vernos-bien-con-cualquier-presupuesto\/\">Permalink<\/a>\n\t\t\t\t\t\n\t\t\t\t\t\t\t\t\t\t\t\n\t\t\t\t\t\t\t\t\t\t\t\t\t<div class=\"fusion-rollover-sep\"><\/div>\n\t\t\t\t\t\t\n\t\t\t\t\t\t\t\t\t\t\t\t\t\t\t\t\t\t\t\t<a class=\"fusion-rollover-gallery\" href=\"https:\/\/flordiazimagen.com.ar\/v1\/wp-content\/uploads\/2018\/09\/donde-comprar-ropa-barata-en-cdmx-descuentos-enero-1024x767.jpg\" data-id=\"13170\" data-rel=\"iLightbox[gallery]\" data-title=\"donde-comprar-ropa-barata-en-cdmx-descuentos-enero-1024x767\" data-caption=\"\">Gallery<\/a>\t\t\t\t\t\t\t\t\t\t\t\t\t\t\t\n\t\t\t\t\t\t\t\t\t<h4 class=\"fusion-rollover-title\"><a href=\"https:\/\/flordiazimagen.com.ar\/v1\/2018\/09\/22\/como-vernos-bien-con-cualquier-presupuesto\/\">C\u00f3mo vernos bien con cualquier presupuesto<\/a><\/h4>\n\t\t\t\t\n\t\t\t\t<div class=\"fusion-rollover-categories\"><a href=\"https:\/\/flordiazimagen.com.ar\/v1\/category\/guardarropas\/\" rel=\"tag\">Guardarropas<\/a>, <a href=\"https:\/\/flordiazimagen.com.ar\/v1\/category\/imagen_personal\/\" rel=\"tag\">Imagen Personal<\/a><\/div>\n\t\t\t\t\n\t\t\t\t\n\t\t\t\t\n\t\t\t\t\t\t\t<\/div>\n\t\t<\/div>\n\t\t<\/div>\t\t\t\t\t<\/li>\n\t\t\t\t\t\t\t\t\t\t\t\t\t\t<\/ul>\n\t\t\t<\/div>\n\t\t\t<div class=\"fusion-post-content-wrapper\"><div class=\"fusion-post-content post-content\"><div class=\"fusion-timeline-circle\"><\/div><div class=\"fusion-timeline-arrow\"><\/div><h2 class=\"entry-title\"><a href=\"https:\/\/flordiazimagen.com.ar\/v1\/2018\/09\/22\/como-vernos-bien-con-cualquier-presupuesto\/\">C\u00f3mo vernos bien con cualquier presupuesto<\/a><\/h2><span class=\"vcard\" style=\"display: none;\"><span class=\"fn\"><a href=\"https:\/\/flordiazimagen.com.ar\/v1\/author\/flor\/\" title=\"Entradas de Flor D\u00edaz\" rel=\"author\">Flor D\u00edaz<\/a><\/span><\/span><span class=\"updated\" style=\"display:none;\">2018-09-11T15:11:34+00:00<\/span><div class=\"fusion-content-sep\"><\/div><div class=\"fusion-post-content-container\"><p>Tener una econom\u00eda abultada o consistente, no asegura que nuestro guardarropas sea \u00f3ptimo y encantador. Elegir un color incorrecto, nos har\u00e1 lucir cansada, seleccionar cortes de prendas inadecuadas para nuestro cuerpo, como todos sabemos, desfavorecer\u00e1 [...]<\/p><\/div><\/div><div class=\"fusion-meta-info\"><\/div><\/div><div class=\"fusion-clearfix\"><\/div><\/div>\n<\/div>\n<div id=\"post-13165\" class=\"fusion-post-timeline fusion-clearfix fusion-left-column post-13165 post type-post status-publish format-standard has-post-thumbnail hentry category-imagen_personal\">\n<div class=\"fusion-post-wrapper\">\t\t\t\n\t\t\t\n\t\t\t\n\t\t\t\n\t\t\t\t\t\t<div class=\"fusion-flexslider flexslider fusion-flexslider-loading fusion-post-slideshow\">\n\t\t\t\t<ul class=\"slides\">\n\t\t\t\t\t\t\t\t\t\t\t\t\t\t\t\t\t\t\t\t\t\t\t\t\t<li>\n\t\t\t\t\t\t<div class=\"fusion-image-wrapper\" aria-haspopup=\"true\"><img width=\"560\" height=\"315\" src=\"https:\/\/flordiazimagen.com.ar\/v1\/wp-content\/uploads\/2018\/09\/Seguidores-de-la-moda-y-\u201cfashion-victims\u201d.png\" class=\"attachment-full size-full wp-post-image\" alt=\"\" loading=\"lazy\" srcset=\"https:\/\/flordiazimagen.com.ar\/v1\/wp-content\/uploads\/2018\/09\/Seguidores-de-la-moda-y-\u201cfashion-victims\u201d.png 560w, https:\/\/flordiazimagen.com.ar\/v1\/wp-content\/uploads\/2018\/09\/Seguidores-de-la-moda-y-\u201cfashion-victims\u201d-300x169.png 300w\" sizes=\"(max-width: 560px) 100vw, 560px\" \/>\t\t<div class=\"fusion-rollover\">\n\t\t\t<div class=\"fusion-rollover-content\">\n\n\t\t\t\t\n\t\t\t\t\t\t\t\t\t\t\t<a class=\"fusion-rollover-link\" href=\"https:\/\/flordiazimagen.com.ar\/v1\/2018\/09\/15\/seguidores-de-la-moda-y-fashion-victims\/\">Permalink<\/a>\n\t\t\t\t\t\n\t\t\t\t\t\t\t\t\t\t\t\n\t\t\t\t\t\t\t\t\t\t\t\t\t<div class=\"fusion-rollover-sep\"><\/div>\n\t\t\t\t\t\t\n\t\t\t\t\t\t\t\t\t\t\t\t\t\t\t\t\t\t\t\t<a class=\"fusion-rollover-gallery\" href=\"https:\/\/flordiazimagen.com.ar\/v1\/wp-content\/uploads\/2018\/09\/Seguidores-de-la-moda-y-\u201cfashion-victims\u201d.png\" data-id=\"13165\" data-rel=\"iLightbox[gallery]\" data-title=\"seguidores-de-la-moda-y-fashion-victims\" data-caption=\"\">Gallery<\/a>\t\t\t\t\t\t\t\t\t\t\t\t\t\t\t\n\t\t\t\t\t\t\t\t\t<h4 class=\"fusion-rollover-title\"><a href=\"https:\/\/flordiazimagen.com.ar\/v1\/2018\/09\/15\/seguidores-de-la-moda-y-fashion-victims\/\">Seguidores de la moda o \u201cfashion victims\u201d<\/a><\/h4>\n\t\t\t\t\n\t\t\t\t<div class=\"fusion-rollover-categories\"><a href=\"https:\/\/flordiazimagen.com.ar\/v1\/category\/imagen_personal\/\" rel=\"tag\">Imagen Personal<\/a><\/div>\n\t\t\t\t\n\t\t\t\t\n\t\t\t\t\n\t\t\t\t\t\t\t<\/div>\n\t\t<\/div>\n\t\t<\/div>\t\t\t\t\t<\/li>\n\t\t\t\t\t\t\t\t\t\t\t\t\t\t<\/ul>\n\t\t\t<\/div>\n\t\t\t<div class=\"fusion-post-content-wrapper\"><div class=\"fusion-post-content post-content\"><div class=\"fusion-timeline-circle\"><\/div><div class=\"fusion-timeline-arrow\"><\/div><h2 class=\"entry-title\"><a href=\"https:\/\/flordiazimagen.com.ar\/v1\/2018\/09\/15\/seguidores-de-la-moda-y-fashion-victims\/\">Seguidores de la moda o \u201cfashion victims\u201d<\/a><\/h2><span class=\"vcard\" style=\"display: none;\"><span class=\"fn\"><a href=\"https:\/\/flordiazimagen.com.ar\/v1\/author\/flor\/\" title=\"Entradas de Flor D\u00edaz\" rel=\"author\">Flor D\u00edaz<\/a><\/span><\/span><span class=\"updated\" style=\"display:none;\">2018-09-03T15:53:58+00:00<\/span><div class=\"fusion-content-sep\"><\/div><div class=\"fusion-post-content-container\"><p>Nos gusta vernos actuales, aggiornadas a las \u00e9pocas que corren, y por qu\u00e9 no, sentirnos\u00a0 siempre j\u00f3venes y \u00a0frescas. Es por ello que nos encanta la moda y estamos pendientes de lo que se usa [...]<\/p><\/div><\/div><div class=\"fusion-meta-info\"><\/div><\/div><div class=\"fusion-clearfix\"><\/div><\/div>\n<\/div>\n<div id=\"post-13151\" class=\"fusion-post-timeline fusion-clearfix fusion-right-column post-13151 post type-post status-publish format-standard has-post-thumbnail hentry category-imagen_personal\">\n<div class=\"fusion-post-wrapper\">\t\t\t\n\t\t\t\n\t\t\t\n\t\t\t\n\t\t\t\t\t\t<div class=\"fusion-flexslider flexslider fusion-flexslider-loading fusion-post-slideshow\">\n\t\t\t\t<ul class=\"slides\">\n\t\t\t\t\t\t\t\t\t\t\t\t\t\t\t\t\t\t\t\t\t\t\t\t\t<li>\n\t\t\t\t\t\t<div class=\"fusion-image-wrapper\" aria-haspopup=\"true\"><img width=\"564\" height=\"851\" src=\"https:\/\/flordiazimagen.com.ar\/v1\/wp-content\/uploads\/2018\/08\/fb0f681ed5a2b297f4b0e05c0f250e04.jpg\" class=\"attachment-full size-full wp-post-image\" alt=\"\" loading=\"lazy\" srcset=\"https:\/\/flordiazimagen.com.ar\/v1\/wp-content\/uploads\/2018\/08\/fb0f681ed5a2b297f4b0e05c0f250e04.jpg 564w, https:\/\/flordiazimagen.com.ar\/v1\/wp-content\/uploads\/2018\/08\/fb0f681ed5a2b297f4b0e05c0f250e04-199x300.jpg 199w\" sizes=\"(max-width: 564px) 100vw, 564px\" \/>\t\t<div class=\"fusion-rollover\">\n\t\t\t<div class=\"fusion-rollover-content\">\n\n\t\t\t\t\n\t\t\t\t\t\t\t\t\t\t\t<a class=\"fusion-rollover-link\" href=\"https:\/\/flordiazimagen.com.ar\/v1\/2018\/09\/08\/como-vestir-con-estilo-sin-perder-confort-despues-de-un-dia-agotador\/\">Permalink<\/a>\n\t\t\t\t\t\n\t\t\t\t\t\t\t\t\t\t\t\n\t\t\t\t\t\t\t\t\t\t\t\t\t<div class=\"fusion-rollover-sep\"><\/div>\n\t\t\t\t\t\t\n\t\t\t\t\t\t\t\t\t\t\t\t\t\t\t\t\t\t\t\t<a class=\"fusion-rollover-gallery\" href=\"https:\/\/flordiazimagen.com.ar\/v1\/wp-content\/uploads\/2018\/08\/fb0f681ed5a2b297f4b0e05c0f250e04.jpg\" data-id=\"13151\" data-rel=\"iLightbox[gallery]\" data-title=\"fb0f681ed5a2b297f4b0e05c0f250e04\" data-caption=\"\">Gallery<\/a>\t\t\t\t\t\t\t\t\t\t\t\t\t\t\t\n\t\t\t\t\t\t\t\t\t<h4 class=\"fusion-rollover-title\"><a href=\"https:\/\/flordiazimagen.com.ar\/v1\/2018\/09\/08\/como-vestir-con-estilo-sin-perder-confort-despues-de-un-dia-agotador\/\">C\u00f3mo vestir con estilo sin perder confort despu\u00e9s de un d\u00eda agotador<\/a><\/h4>\n\t\t\t\t\n\t\t\t\t<div class=\"fusion-rollover-categories\"><a href=\"https:\/\/flordiazimagen.com.ar\/v1\/category\/imagen_personal\/\" rel=\"tag\">Imagen Personal<\/a><\/div>\n\t\t\t\t\n\t\t\t\t\n\t\t\t\t\n\t\t\t\t\t\t\t<\/div>\n\t\t<\/div>\n\t\t<\/div>\t\t\t\t\t<\/li>\n\t\t\t\t\t\t\t\t\t\t\t\t\t\t<\/ul>\n\t\t\t<\/div>\n\t\t\t<div class=\"fusion-post-content-wrapper\"><div class=\"fusion-post-content post-content\"><div class=\"fusion-timeline-circle\"><\/div><div class=\"fusion-timeline-arrow\"><\/div><h2 class=\"entry-title\"><a href=\"https:\/\/flordiazimagen.com.ar\/v1\/2018\/09\/08\/como-vestir-con-estilo-sin-perder-confort-despues-de-un-dia-agotador\/\">C\u00f3mo vestir con estilo sin perder confort despu\u00e9s de un d\u00eda agotador<\/a><\/h2><span class=\"vcard\" style=\"display: none;\"><span class=\"fn\"><a href=\"https:\/\/flordiazimagen.com.ar\/v1\/author\/flor\/\" title=\"Entradas de Flor D\u00edaz\" rel=\"author\">Flor D\u00edaz<\/a><\/span><\/span><span class=\"updated\" style=\"display:none;\">2018-09-03T15:54:09+00:00<\/span><div class=\"fusion-content-sep\"><\/div><div class=\"fusion-post-content-container\"><p>Cuando estamos todo el d\u00eda fuera de casa, en el trabajo o haciendo tr\u00e1mites, llegamos con el tiempo justo para cambiarnos, buscar a nuestros hijos en el colegio, llevarlos a sus actividades extraescolares, o tal [...]<\/p><\/div><\/div><div class=\"fusion-meta-info\"><\/div><\/div><div class=\"fusion-clearfix\"><\/div><\/div>\n<\/div>\n<\/div><\/div><\/div><div class='pagination clearfix'><span class='current'>1<\/span><a href='https:\/\/flordiazimagen.com.ar\/v1\/wp-json\/wp\/v2\/pages\/3698\/page\/2\/' class='inactive' >2<\/a><a href='https:\/\/flordiazimagen.com.ar\/v1\/wp-json\/wp\/v2\/pages\/3698\/page\/3\/' class='inactive' >3<\/a><a href='https:\/\/flordiazimagen.com.ar\/v1\/wp-json\/wp\/v2\/pages\/3698\/page\/4\/' class='inactive' >4<\/a><a href='https:\/\/flordiazimagen.com.ar\/v1\/wp-json\/wp\/v2\/pages\/3698\/page\/5\/' class='inactive' >5<\/a><a class='pagination-next' href='https:\/\/flordiazimagen.com.ar\/v1\/wp-json\/wp\/v2\/pages\/3698\/page\/2\/'><span class='page-text'>Next<\/span><span class='page-next'><\/span><\/a><\/div>\n<\/div>\n","protected":false},"excerpt":{"rendered":"","protected":false},"author":1,"featured_media":0,"parent":0,"menu_order":0,"comment_status":"open","ping_status":"closed","template":"","meta":[],"_links":{"self":[{"href":"https:\/\/flordiazimagen.com.ar\/v1\/wp-json\/wp\/v2\/pages\/3698"}],"collection":[{"href":"https:\/\/flordiazimagen.com.ar\/v1\/wp-json\/wp\/v2\/pages"}],"about":[{"href":"https:\/\/flordiazimagen.com.ar\/v1\/wp-json\/wp\/v2\/types\/page"}],"author":[{"embeddable":true,"href":"https:\/\/flordiazimagen.com.ar\/v1\/wp-json\/wp\/v2\/users\/1"}],"replies":[{"embeddable":true,"href":"https:\/\/flordiazimagen.com.ar\/v1\/wp-json\/wp\/v2\/comments?post=3698"}],"version-history":[{"count":2,"href":"https:\/\/flordiazimagen.com.ar\/v1\/wp-json\/wp\/v2\/pages\/3698\/revisions"}],"predecessor-version":[{"id":12470,"href":"https:\/\/flordiazimagen.com.ar\/v1\/wp-json\/wp\/v2\/pages\/3698\/revisions\/12470"}],"wp:attachment":[{"href":"https:\/\/flordiazimagen.com.ar\/v1\/wp-json\/wp\/v2\/media?parent=3698"}],"curies":[{"name":"wp","href":"https:\/\/api.w.org\/{rel}","templated":true}]}}