{"id":9829,"date":"2014-06-16T19:39:03","date_gmt":"2014-06-16T19:39:03","guid":{"rendered":"http:\/\/theme-fusion.com\/avadaxml\/?page_id=9829"},"modified":"2020-08-06T20:07:05","modified_gmt":"2020-08-06T20:07:05","slug":"fusion-slider-full-width","status":"publish","type":"page","link":"https:\/\/flordiazimagen.com.ar\/v1\/","title":{"rendered":"Inicio"},"content":{"rendered":"<div class=\"fusion-fullwidth fullwidth-box fusion-fullwidth-1  fusion-parallax-none nonhundred-percent-fullwidth\" style=\"border-color:#eae9e9;border-bottom-width: 0px;border-top-width: 0px;border-bottom-style: solid;border-top-style: solid;padding-bottom:20px;padding-top:20px;padding-left:;padding-right:;\"><style type=\"text\/css\" scoped=\"scoped\">.fusion-fullwidth-1 {\n                            padding-left: px !important;\n                            padding-right: px !important;\n                        }<\/style><div class=\"fusion-row\">\t\t\t<div class=\"fusion-slider-container fusion-slider-17 \" id=\"fusion-slider-sc-final_full_width\" style=\"height: 415px; max-width: 100%;\">\n\t\t\t\t<style type=\"text\/css\" scoped=\"scoped\">\n\t\t\t\t.fusion-slider-17 .flex-direction-nav a {\n\t\t\t\t\twidth:63px;height:63px;line-height:63px;margin-top:-31.5px;font-size:25px;\t\t\t\t}\n                <\/style>\n\t\t\t\t<div class=\"fusion-slider-loading\">Loading...<\/div>\n\t\t\t\t<div class=\"tfs-slider flexslider main-flex\" data-slider_width=\"100%\" data-slider_height=\"415px\" data-full_screen=\"1\" data-parallax=\"1\" data-nav_arrows=\"1\" data-pagination_circles=\"1\" data-autoplay=\"1\" data-loop=\"1\" data-animation=\"fade\" data-slideshow_speed=\"7000\" data-animation_speed=\"600\" data-typo_sensitivity=\"1\" data-typo_factor=\"1.5\" data-nav_box_width=\"63px\" data-nav_box_height=\"63px\" data-nav_arrow_size=\"25px\" style=\"max-width: 100%;\">\n\t\t\t\t\t<ul class=\"slides\">\n\t\t\t\t\t\t\t\t\t\t\t\t<li data-mute=\"yes\" data-loop=\"yes\" data-autoplay=\"yes\">\n\t\t\t\t\t\t\t<div class=\"slide-content-container slide-content-left\" style=\"display: none;\">\n\t\t\t\t\t\t\t\t<div class=\"slide-content\" style=\"\">\n\t\t\t\t\t\t\t\t\t\t\t\t\t\t\t\t\t\t\t<div class=\"heading with-bg\">\n\t\t\t\t\t\t\t\t\t\t\t<div class=\"fusion-title-sc-wrapper\" style=\"background-color: rgba(0,0,0, 0.4);\">\n\t\t\t\t\t\t\t\t\t\t\t\t<div class=\"fusion-title title fusion-sep-none fusion-title-size-two\" style=\"margin-top:0px;margin-bottom:0px;\"><h2 class=\"title-heading-left\" style=\"font-size:60px;line-height:80px;\">Imagen y Branding Personal<\/h2><\/div>\t\t\t\t\t\t\t\t\t\t\t<\/div>\n\t\t\t\t\t\t\t\t\t\t<\/div>\n\t\t\t\t\t\t\t\t\t\t\t\t\t\t\t\t\t\t\t\t\t\t\t\t\t\t\t\t<div class=\"caption with-bg\">\n\t\t\t\t\t\t\t\t\t\t\t<div class=\"fusion-title-sc-wrapper\" style=\"background-color: rgba(0, 0, 0, 0.4);\">\n\t\t\t\t\t\t\t\t\t\t\t\t<div class=\"fusion-title title fusion-sep-none fusion-title-size-three\" style=\"margin-top:0px;margin-bottom:0px;\"><h3 class=\"title-heading-left\" style=\"font-size: 24px;line-height:38px;\">Imagen a tu medida<\/h3><\/div>\t\t\t\t\t\t\t\t\t\t\t<\/div>\n\t\t\t\t\t\t\t\t\t\t<\/div>\n\t\t\t\t\t\t\t\t\t\t\t\t\t\t\t\t\t\t\t\t\t\t\t\t\t\t\t\t<div class=\"buttons\" >\n\t\t\t\t\t\t\t\t\t\t\t\t\t\t\t\t\t\t\t\t\t\t\t\t\t\t\t\t\t\t\t\t<\/div>\n\t\t\t\t\t\t\t\t\t\t\t\t\t\t\t\t\t<\/div>\n\t\t\t\t\t\t\t<\/div>\n\t\t\t\t\t\t\t\t\t\t\t\t\t\t\t\t\t\t\t\t\t\t\t\t\t\t\t\t<div class=\"background background-image\" style=\"background-image: url(https:\/\/flordiazimagen.com.ar\/v1\/wp-content\/uploads\/2016\/08\/2.jpg);max-width:100%;height:415px;filter: progid:DXImageTransform.Microsoft.AlphaImageLoader(src='https:\/\/flordiazimagen.com.ar\/v1\/wp-content\/uploads\/2016\/08\/2.jpg', sizingMethod='scale');-ms-filter:'progid:DXImageTransform.Microsoft.AlphaImageLoader(src='https:\/\/flordiazimagen.com.ar\/v1\/wp-content\/uploads\/2016\/08\/2.jpg', sizingMethod='scale')';\" data-imgwidth=\"1920\">\n\t\t\t\t\t\t\t\t\t\t\t\t\t\t\t\t\t\t\t\t\t\t\t\t\t\t\t\t\t\t\t\t\t\t\t\t\t\t\t\t\t\t\t\t\t\t\t\t<\/div>\n\t\t\t\t\t\t<\/li>\n\t\t\t\t\t\t\t\t\t\t\t\t<li data-mute=\"no\" data-loop=\"yes\" data-autoplay=\"yes\">\n\t\t\t\t\t\t\t<div class=\"slide-content-container slide-content-center\" style=\"display: none;\">\n\t\t\t\t\t\t\t\t<div class=\"slide-content\" style=\"\">\n\t\t\t\t\t\t\t\t\t\t\t\t\t\t\t\t\t\t\t<div class=\"heading with-bg\">\n\t\t\t\t\t\t\t\t\t\t\t<div class=\"fusion-title-sc-wrapper\" style=\"background-color: rgba(0,0,0, 0.4);\">\n\t\t\t\t\t\t\t\t\t\t\t\t<div class=\"fusion-title title fusion-sep-none fusion-title-center fusion-title-size-two\" style=\"margin-top:0px;margin-bottom:0px;\"><h2 class=\"title-heading-center\" style=\"color:#fff;font-size:60px;line-height:80px;\">Eventos Especiales<\/h2><\/div>\t\t\t\t\t\t\t\t\t\t\t<\/div>\n\t\t\t\t\t\t\t\t\t\t<\/div>\n\t\t\t\t\t\t\t\t\t\t\t\t\t\t\t\t\t\t\t\t\t\t\t\t\t\t\t\t<div class=\"caption with-bg\">\n\t\t\t\t\t\t\t\t\t\t\t<div class=\"fusion-title-sc-wrapper\" style=\"background-color: rgba(0, 0, 0, 0.4);\">\n\t\t\t\t\t\t\t\t\t\t\t\t<div class=\"fusion-title title fusion-sep-none fusion-title-center fusion-title-size-three\" style=\"margin-top:0px;margin-bottom:0px;\"><h3 class=\"title-heading-center\" style=\"color:#fff;font-size: 24px;line-height:38px;\">Asesoramiento para Novios<\/h3><\/div>\t\t\t\t\t\t\t\t\t\t\t<\/div>\n\t\t\t\t\t\t\t\t\t\t<\/div>\n\t\t\t\t\t\t\t\t\t\t\t\t\t\t\t\t\t\t\t\t\t\t\t\t\t\t<\/div>\n\t\t\t\t\t\t\t<\/div>\n\t\t\t\t\t\t\t\t\t\t\t\t\t\t\t\t\t\t\t\t\t\t\t\t\t\t\t\t<div class=\"background background-image\" style=\"background-image: url(https:\/\/flordiazimagen.com.ar\/v1\/wp-content\/uploads\/2016\/08\/1.jpg);max-width:100%;height:415px;filter: progid:DXImageTransform.Microsoft.AlphaImageLoader(src='https:\/\/flordiazimagen.com.ar\/v1\/wp-content\/uploads\/2016\/08\/1.jpg', sizingMethod='scale');-ms-filter:'progid:DXImageTransform.Microsoft.AlphaImageLoader(src='https:\/\/flordiazimagen.com.ar\/v1\/wp-content\/uploads\/2016\/08\/1.jpg', sizingMethod='scale')';\" data-imgwidth=\"1920\">\n\t\t\t\t\t\t\t\t\t\t\t\t\t\t\t\t\t\t\t\t\t\t\t\t\t\t\t\t\t\t\t\t\t\t\t\t\t\t\t\t\t\t\t\t\t\t\t\t<\/div>\n\t\t\t\t\t\t<\/li>\n\t\t\t\t\t\t\t\t\t\t\t\t<li data-mute=\"yes\" data-loop=\"yes\" data-autoplay=\"yes\">\n\t\t\t\t\t\t\t<div class=\"slide-content-container slide-content-left\" style=\"display: none;\">\n\t\t\t\t\t\t\t\t<div class=\"slide-content\" style=\"\">\n\t\t\t\t\t\t\t\t\t\t\t\t\t\t\t\t\t\t\t<div class=\"heading with-bg\">\n\t\t\t\t\t\t\t\t\t\t\t<div class=\"fusion-title-sc-wrapper\" style=\"background-color: rgba(0,0,0, 0.4);\">\n\t\t\t\t\t\t\t\t\t\t\t\t<div class=\"fusion-title title fusion-sep-none fusion-title-size-two\" style=\"margin-top:0px;margin-bottom:0px;\"><h2 class=\"title-heading-left\" style=\"font-size:60px;line-height:80px;\">Organizaci\u00f3n de Guardarropas\r\n<\/h2><\/div>\t\t\t\t\t\t\t\t\t\t\t<\/div>\n\t\t\t\t\t\t\t\t\t\t<\/div>\n\t\t\t\t\t\t\t\t\t\t\t\t\t\t\t\t\t\t\t\t\t\t\t\t\t\t\t\t<div class=\"caption with-bg\">\n\t\t\t\t\t\t\t\t\t\t\t<div class=\"fusion-title-sc-wrapper\" style=\"background-color: rgba(0, 0, 0, 0.4);\">\n\t\t\t\t\t\t\t\t\t\t\t\t<div class=\"fusion-title title fusion-sep-none fusion-title-size-three\" style=\"margin-top:0px;margin-bottom:0px;\"><h3 class=\"title-heading-left\" style=\"font-size: 24px;line-height:38px;\">Armado de outfits exitosos<\/h3><\/div>\t\t\t\t\t\t\t\t\t\t\t<\/div>\n\t\t\t\t\t\t\t\t\t\t<\/div>\n\t\t\t\t\t\t\t\t\t\t\t\t\t\t\t\t\t\t\t\t\t\t\t\t\t\t<\/div>\n\t\t\t\t\t\t\t<\/div>\n\t\t\t\t\t\t\t\t\t\t\t\t\t\t\t\t\t\t\t\t\t\t\t\t\t\t\t\t<div class=\"background background-image\" style=\"background-image: url(https:\/\/flordiazimagen.com.ar\/v1\/wp-content\/uploads\/2016\/08\/3-1.jpg);max-width:100%;height:415px;filter: progid:DXImageTransform.Microsoft.AlphaImageLoader(src='https:\/\/flordiazimagen.com.ar\/v1\/wp-content\/uploads\/2016\/08\/3-1.jpg', sizingMethod='scale');-ms-filter:'progid:DXImageTransform.Microsoft.AlphaImageLoader(src='https:\/\/flordiazimagen.com.ar\/v1\/wp-content\/uploads\/2016\/08\/3-1.jpg', sizingMethod='scale')';\" data-imgwidth=\"1920\">\n\t\t\t\t\t\t\t\t\t\t\t\t\t\t\t\t\t\t\t\t\t\t\t\t\t\t\t\t\t\t\t\t\t\t\t\t\t\t\t\t\t\t\t\t\t\t\t\t<\/div>\n\t\t\t\t\t\t<\/li>\n\t\t\t\t\t\t\t\t\t\t\t<\/ul>\n\t\t\t\t<\/div>\n\t\t\t<\/div>\n\t\t<\/div><\/div><div class=\"fusion-fullwidth fullwidth-box fusion-fullwidth-2  fusion-parallax-none nonhundred-percent-fullwidth\" style=\"border-color:#eae9e9;border-bottom-width: 0px;border-top-width: 0px;border-bottom-style: solid;border-top-style: solid;padding-bottom:20px;padding-top:20px;padding-left:;padding-right:;\"><style type=\"text\/css\" scoped=\"scoped\">.fusion-fullwidth-2 {\n                            padding-left: px !important;\n                            padding-right: px !important;\n                        }<\/style><div class=\"fusion-row\">\t\t<div class=\"wpsisac-slick-carousal-wrp wpsisac-clearfix  \" data-conf=\"{&quot;slidestoshow&quot;:3,&quot;slidestoscroll&quot;:1,&quot;dots&quot;:&quot;true&quot;,&quot;arrows&quot;:&quot;true&quot;,&quot;autoplay&quot;:&quot;true&quot;,&quot;autoplay_interval&quot;:3000,&quot;speed&quot;:300,&quot;rtl&quot;:&quot;false&quot;,&quot;centermode&quot;:&quot;false&quot;,&quot;lazyload&quot;:&quot;&quot;,&quot;variablewidth&quot;:&quot;false&quot;,&quot;loop&quot;:&quot;true&quot;,&quot;hover_pause&quot;:&quot;true&quot;}\">\r\t\t\t<div id=\"wpsisac-slick-carousal-1\"  class=\"wpsisac-slick-carousal design-6  simplecarousal\">\r\t\t\t\t<div class=\"wpsisac-image-slide\">  \r\t<a href=\"http:\/\/flordiazimagen.com.ar\/v1\/imagen-en-el-embarazo\/\">\t\t<div class=\"wpsisac-image-slide-wrap\" >\r\t\t\t<img  src=\"https:\/\/flordiazimagen.com.ar\/v1\/wp-content\/uploads\/2016\/09\/home_3.jpg\" alt=\"IMAGEN 5\" \/>\r\t\t<\/div>\r\t<\/a><\/div><div class=\"wpsisac-image-slide\">  \r\t<a href=\"http:\/\/flordiazimagen.com.ar\/v1\/eventos-especiales\/\">\t\t<div class=\"wpsisac-image-slide-wrap\" >\r\t\t\t<img  src=\"https:\/\/flordiazimagen.com.ar\/v1\/wp-content\/uploads\/2016\/09\/home_4.jpg\" alt=\"IMAGEN 4\" \/>\r\t\t<\/div>\r\t<\/a><\/div><div class=\"wpsisac-image-slide\">  \r\t<a href=\"http:\/\/flordiazimagen.com.ar\/v1\/imagen-profesional\/\">\t\t<div class=\"wpsisac-image-slide-wrap\" >\r\t\t\t<img  src=\"https:\/\/flordiazimagen.com.ar\/v1\/wp-content\/uploads\/2016\/09\/home_5.jpg\" alt=\"IMAGEN 3\" \/>\r\t\t<\/div>\r\t<\/a><\/div><div class=\"wpsisac-image-slide\">  \r\t<a href=\"http:\/\/flordiazimagen.com.ar\/v1\/imagen-personal-integral\/\">\t\t<div class=\"wpsisac-image-slide-wrap\" >\r\t\t\t<img  src=\"https:\/\/flordiazimagen.com.ar\/v1\/wp-content\/uploads\/2016\/09\/home_1-1.jpg\" alt=\"IMAGEN 2\" \/>\r\t\t<\/div>\r\t<\/a><\/div><div class=\"wpsisac-image-slide\">  \r\t<a href=\"http:\/\/flordiazimagen.com.ar\/v1\/imagen-personal-express\/\">\t\t<div class=\"wpsisac-image-slide-wrap\" >\r\t\t\t<img  src=\"https:\/\/flordiazimagen.com.ar\/v1\/wp-content\/uploads\/2016\/09\/home_2-1.jpg\" alt=\"IMAGEN 1\" \/>\r\t\t<\/div>\r\t<\/a><\/div>\t\t\t<\/div>\r\t\t<\/div>\r\t\n<\/div><\/div><div class=\"fusion-fullwidth fullwidth-box fusion-fullwidth-3  fusion-parallax-none nonhundred-percent-fullwidth fusion-equal-height-columns\" style=\"border-color:#eae9e9;border-bottom-width: 0px;border-top-width: 0px;border-bottom-style: solid;border-top-style: solid;padding-bottom:20px;padding-top:20px;padding-left:;padding-right:;\"><style type=\"text\/css\" scoped=\"scoped\">.fusion-fullwidth-3 {\n                            padding-left: px !important;\n                            padding-right: px !important;\n                        }<\/style><div class=\"fusion-row\"><div class=\"fusion-sep-clear\"><\/div><div class=\"fusion-separator fusion-full-width-sep sep-single\" style=\"border-color:#e0dede;border-top-width:2px;margin-left: auto;margin-right: auto;margin-top:;\"><\/div><h1 style=\"text-align: center; font-size: 26px; color: #ab9d65;\">COMIENZA HOY&#8230;<\/h1>\n<p style=\"text-align: center; margin-top: -10px; font-size: 17px !important; line-height: 24px !important;\"><strong>\u00a0<\/strong><span class=\"fusion-tooltip tooltip-shortcode\" data-animation=\"\" data-delay=\"0\" data-placement=\"top\" data-title=\"Mucho m\u00e1s!\" data-toggle=\"tooltip\" data-trigger=\"hover\"><strong>La imagen personal\u00a0es mucho m\u00e1s\u00a0de lo que percibimos al mirar<\/strong><\/span> y no solamente se trata de usar linda ropa y tener un maquillaje y peinado impecable.<\/p>\n<p style=\"text-align: center; margin-top: -10px; font-size: 17px !important; line-height: 24px !important;\"><span class=\"fusion-tooltip tooltip-shortcode\" data-animation=\"\" data-delay=\"0\" data-placement=\"top\" data-title=\"Se \u00fanico!\" data-toggle=\"tooltip\" data-trigger=\"hover\"><strong>Imagen es comunicaci\u00f3n,<\/strong><\/span> y como tal, permitir\u00e1 a tu entorno percibir y destacar los valores y caracter\u00edsticas que te hacen \u00fanico o diferente.<\/p>\n<p style=\"text-align: center; margin-top: -10px; font-size: 17px !important; line-height: 24px !important;\">Cuanto m\u00e1s coherencia exista entre tu esencia y lo que transmitas, mientras m\u00e1s aut\u00e9ntico seas, estar\u00e1s m\u00e1s cerca de alcanzar con \u00e9xito lo que te propongas.<\/p>\n<p style=\"text-align: center; margin-top: -10px; font-size: 17px !important; line-height: 24px !important;\"><span class=\"fusion-tooltip tooltip-shortcode\" data-animation=\"\" data-delay=\"0\" data-placement=\"top\" data-title=\"Animate!\" data-toggle=\"tooltip\" data-trigger=\"hover\"><strong>Nunca olvides<\/strong><\/span> que en la mayor\u00eda de las ocasiones, <span class=\"fusion-tooltip tooltip-shortcode\" data-animation=\"\" data-delay=\"0\" data-placement=\"top\" data-title=\"Inicia Hoy!\" data-toggle=\"tooltip\" data-trigger=\"hover\"><strong>no tendremos una segunda oportunidad<\/strong><\/span> para causar una primera buena impresi\u00f3n.<\/p>\n<p style=\"text-align: center; margin-top: -10px; font-size: 17px !important; line-height: 24px !important;\">\u00a0<img loading=\"lazy\" class=\"wp-image-12036 alignnone\" src=\"http:\/\/flordiazimagen.com.ar\/v1\/wp-content\/uploads\/2014\/06\/LogoFlor.png\" alt=\"LogoFlor\" width=\"35\" height=\"37\" \/><\/p>\n<h1 style=\"text-align: center; font-size: 24px; color: #ab9d65 !important;\"><\/h1>\n<\/div><\/div><div class=\"fusion-fullwidth fullwidth-box fusion-fullwidth-4  fusion-parallax-fixed nonhundred-percent-fullwidth\" style=\"border-color:#eae9e9;border-bottom-width: 0px;border-top-width: 0px;border-bottom-style: solid;border-top-style: solid;padding-bottom:20px;padding-top:10px;padding-left:;padding-right:;background-color:#ab9d65;\"><style type=\"text\/css\" scoped=\"scoped\">.fusion-fullwidth-4 {\n                            padding-left: px !important;\n                            padding-right: px !important;\n                        }<\/style><div class=\"fusion-row\"><div class=\"fusion-section-separator section-separator\" style=\"border-top:1px solid #ab9d65;\"><div class=\"divider-candy-arrow top\" style=\"bottom:0px;border-bottom-color: #ab9d65;\"><\/div><div class=\"divider-candy top\" style=\"top:-21px;border-bottom:1px solid #ab9d65;border-left:1px solid #ab9d65;\"><\/div><\/div><\/div><\/div>\n","protected":false},"excerpt":{"rendered":"","protected":false},"author":1,"featured_media":0,"parent":0,"menu_order":0,"comment_status":"closed","ping_status":"closed","template":"100-width.php","meta":[],"_links":{"self":[{"href":"https:\/\/flordiazimagen.com.ar\/v1\/wp-json\/wp\/v2\/pages\/9829"}],"collection":[{"href":"https:\/\/flordiazimagen.com.ar\/v1\/wp-json\/wp\/v2\/pages"}],"about":[{"href":"https:\/\/flordiazimagen.com.ar\/v1\/wp-json\/wp\/v2\/types\/page"}],"author":[{"embeddable":true,"href":"https:\/\/flordiazimagen.com.ar\/v1\/wp-json\/wp\/v2\/users\/1"}],"replies":[{"embeddable":true,"href":"https:\/\/flordiazimagen.com.ar\/v1\/wp-json\/wp\/v2\/comments?post=9829"}],"version-history":[{"count":235,"href":"https:\/\/flordiazimagen.com.ar\/v1\/wp-json\/wp\/v2\/pages\/9829\/revisions"}],"predecessor-version":[{"id":13224,"href":"https:\/\/flordiazimagen.com.ar\/v1\/wp-json\/wp\/v2\/pages\/9829\/revisions\/13224"}],"wp:attachment":[{"href":"https:\/\/flordiazimagen.com.ar\/v1\/wp-json\/wp\/v2\/media?parent=9829"}],"curies":[{"name":"wp","href":"https:\/\/api.w.org\/{rel}","templated":true}]}}